{"id":3,"date":"2024-08-12T20:17:06","date_gmt":"2024-08-12T20:17:06","guid":{"rendered":"https:\/\/puffdragon.gr\/?page_id=3"},"modified":"2024-12-21T22:54:25","modified_gmt":"2024-12-21T20:54:25","slug":"privacy-policy","status":"publish","type":"page","link":"https:\/\/puffdragon.gr\/es\/privacy-policy\/","title":{"rendered":"Pol\u00edtica de privacidad"},"content":{"rendered":"<div data-elementor-type=\"wp-page\" data-elementor-id=\"3\" class=\"elementor elementor-3\" data-elementor-post-type=\"page\">\n\t\t\t\t\t\t<section class=\"elementor-section elementor-top-section elementor-element elementor-element-6bb8fa6 elementor-section-boxed elementor-section-height-default elementor-section-height-default\" data-id=\"6bb8fa6\" data-element_type=\"section\">\n\t\t\t\t\t\t<div class=\"elementor-container elementor-column-gap-default\">\n\t\t\t\t\t<div class=\"elementor-column elementor-col-100 elementor-top-column elementor-element elementor-element-0f1d36a\" data-id=\"0f1d36a\" data-element_type=\"column\">\n\t\t\t<div class=\"elementor-widget-wrap elementor-element-populated\">\n\t\t\t\t\t\t<div class=\"elementor-element elementor-element-c4747f1 elementor-widget elementor-widget-text-editor\" data-id=\"c4747f1\" data-element_type=\"widget\" data-widget_type=\"text-editor.default\">\n\t\t\t\t<div class=\"elementor-widget-container\">\n\t\t\t\t\t\t\t\t\t<p>Utilizamos cookies en nuestro sitio web para administrar sesiones, proporcionar p\u00e1ginas web personalizadas y personalizar publicidad y otros contenidos para reflejar sus necesidades e intereses particulares.<\/p>\n<p>Las cookies tambi\u00e9n se pueden utilizar para compilar estad\u00edsticas agregadas an\u00f3nimas que nos permiten comprender c\u00f3mo el p\u00fablico utiliza nuestro sitio web y nos ayudan a mejorar su estructura y contenido. No podemos determinar su identidad personal a partir de esta informaci\u00f3n.<\/p>\n<p>Puede modificar la configuraci\u00f3n de su navegador para rechazar algunas o todas las cookies. Debe saber que algunas funciones s\u00f3lo est\u00e1n disponibles mediante el uso de cookies y si elige rechazar las cookies, es posible que estas funciones no est\u00e9n disponibles.<\/p>\n<p><strong>Cookies absolutamente necesarias<\/strong><br \/>Las cookies estrictamente necesarias son esenciales para el correcto funcionamiento del sitio web, le permiten navegar y utilizar sus funciones, como acceder a \u00e1reas seguras o utilizar el carrito de compras. Estas cookies no reconocen su identidad individual. Sin estas cookies, no podemos ofrecer un funcionamiento eficiente de nuestro sitio web.<\/p>\n<p><strong>Cookies de rendimiento<\/strong><br \/>Estas cookies recopilan informaci\u00f3n sobre c\u00f3mo los visitantes utilizan el sitio web, por ejemplo, qu\u00e9 p\u00e1ginas visitan con m\u00e1s frecuencia y si reciben mensajes de error de los sitios web.<\/p>\n<p><strong>Estas cookies recopilan<\/strong> informaci\u00f3n agregada y an\u00f3nima que no identifica a ning\u00fan visitante. Se utilizan exclusivamente para mejorar el rendimiento de un sitio web.<\/p>\n<p>Cookies de funcionalidad<br \/>Estas cookies permiten que el sitio web recuerde las elecciones del usuario, como nombre de usuario, idioma o regi\u00f3n, para proporcionar funciones mejoradas y personalizadas.<\/p>\n<p>Tambi\u00e9n se pueden utilizar para proporcionar servicios solicitados por el usuario, como ver v\u00eddeos o utilizar las redes sociales. La informaci\u00f3n recopilada por estas cookies puede hacerse an\u00f3nima y no puede rastrear la actividad de navegaci\u00f3n en otros sitios web. Si no acepta estas cookies, el rendimiento y la funcionalidad del sitio web pueden verse afectados y su acceso a su contenido puede ser limitado.<\/p>\n<p><strong>Cookies de orientaci\u00f3n<\/strong><br \/>Estas cookies se utilizan para ofrecer contenido que sea m\u00e1s relevante para usted y sus intereses. Pueden utilizarse para enviar publicidad\/ofertas espec\u00edficas, limitar las impresiones de anuncios o medir la eficacia de una campa\u00f1a publicitaria.<\/p>\n<p>Estas cookies pueden usarse para recordar los sitios web que ha visitado para determinar qu\u00e9 canales de marketing en l\u00ednea son m\u00e1s efectivos y permitirnos recompensar a los sitios web y socios externos que lo recomendaron a nosotros.<\/p>\n<p><strong>Datos personales<\/strong><br \/>Nuestra empresa recopila datos personales de las transacciones realizadas a trav\u00e9s de la tienda online, que se refieren a nombre, direcci\u00f3n, tel\u00e9fono y correo electr\u00f3nico, que son necesarios para completar la transacci\u00f3n y enviar el pedido.<\/p>\n<p>El usuario del sitio web queda informado y acepta el suministro de estos datos personales de acuerdo con la directiva de la Uni\u00f3n Europea sobre protecci\u00f3n de datos personales (GDPR). Los datos tambi\u00e9n se recopilan con fines estad\u00edsticos pero la empresa no proporcionar\u00e1 los datos personales a terceros, excepto a las autoridades del pa\u00eds (Grecia) o las instituciones de la Uni\u00f3n Europea en caso de control institucional.<\/p>\n<p>Cada usuario del sitio web tiene derecho a solicitar la eliminaci\u00f3n de sus datos personales de la base de datos del sitio web y la empresa proceder\u00e1 a la eliminaci\u00f3n inmediata de los datos personales excepto los relacionados con la obligaci\u00f3n tributaria y sujetos a las leyes tributarias del estado. o la Uni\u00f3n Europea. La empresa no requiere ni recopila datos personales sensibles.<\/p>\n<p>Asimismo, el sitio web que aloja nuestra tienda online dispone de un protocolo de seguridad SSL tal y como exigen las agencias estatales y tambi\u00e9n el reglamento de protecci\u00f3n de datos personales (GDPR) definido por la Uni\u00f3n Europea.<\/p>\t\t\t\t\t\t\t\t<\/div>\n\t\t\t\t<\/div>\n\t\t\t\t\t<\/div>\n\t\t<\/div>\n\t\t\t\t\t<\/div>\n\t\t<\/section>\n\t\t\t\t<\/div>","protected":false},"excerpt":{"rendered":"<p>\u03a7\u03c1\u03b7\u03c3\u03b9\u03bc\u03bf\u03c0\u03bf\u03b9\u03bf\u03cd\u03bc\u03b5 cookies \u03c3\u03c4\u03bf\u03bd \u03b9\u03c3\u03c4\u03cc\u03c4\u03bf\u03c0\u03cc \u03bc\u03b1\u03c2 \u03b3\u03b9\u03b1 \u03c4\u03b7 \u03b4\u03b9\u03b1\u03c7\u03b5\u03af\u03c1\u03b7\u03c3\u03b7 \u03c4\u03c9\u03bd \u03c0\u03b5\u03c1\u03b9\u03cc\u03b4\u03c9\u03bd \u03c3\u03cd\u03bd\u03b4\u03b5\u03c3\u03b7\u03c2, \u03b3\u03b9\u03b1 \u03c4\u03b7\u03bd \u03c0\u03b1\u03c1\u03bf\u03c7\u03ae \u03b5\u03be\u03b1\u03c4\u03bf\u03bc\u03b9\u03ba\u03b5\u03c5\u03bc\u03ad\u03bd\u03c9\u03bd \u03b9\u03c3\u03c4\u03bf\u03c3\u03b5\u03bb\u03af\u03b4\u03c9\u03bd \u03ba\u03b1\u03b9 \u03b3\u03b9\u03b1 \u03c4\u03b7\u03bd \u03c0\u03c1\u03bf\u03c3\u03b1\u03c1\u03bc\u03bf\u03b3\u03ae \u03b4\u03b9\u03b1\u03c6\u03b7\u03bc\u03b9\u03c3\u03c4\u03b9\u03ba\u03bf\u03cd \u03ba\u03b1\u03b9 \u03ac\u03bb\u03bb\u03bf\u03c5 \u03c0\u03b5\u03c1\u03b9\u03b5\u03c7\u03bf\u03bc\u03ad\u03bd\u03bf\u03c5 \u03ce\u03c3\u03c4\u03b5 \u03bd\u03b1 \u03b1\u03bd\u03c4\u03b9\u03ba\u03b1\u03c4\u03bf\u03c0\u03c4\u03c1\u03af\u03b6\u03b5\u03b9 \u03c4\u03b9\u03c2 \u03b9\u03b4\u03b9\u03b1\u03af\u03c4\u03b5\u03c1\u03b5\u03c2 \u03b1\u03bd\u03ac\u03b3\u03ba\u03b5\u03c2 \u03ba\u03b1\u03b9 \u03c4\u03b1 \u03b5\u03bd\u03b4\u03b9\u03b1\u03c6\u03ad\u03c1\u03bf\u03bd\u03c4\u03ac \u03c3\u03b1\u03c2. \u0395\u03c0\u03af\u03c3\u03b7\u03c2 \u03c4\u03b1 cookies \u03bc\u03c0\u03bf\u03c1\u03bf\u03cd\u03bd \u03bd\u03b1 \u03c7\u03c1\u03b7\u03c3\u03b9\u03bc\u03bf\u03c0\u03bf\u03b9\u03b7\u03b8\u03bf\u03cd\u03bd \u03b3\u03b9\u03b1 \u03bd\u03b1 \u03c3\u03c5\u03bd\u03c4\u03ac\u03be\u03bf\u03c5\u03bc\u03b5 \u03b1\u03bd\u03ce\u03bd\u03c5\u03bc\u03b5\u03c2, \u03b1\u03b8\u03c1\u03bf\u03b9\u03c3\u03c4\u03b9\u03ba\u03ad\u03c2 \u03c3\u03c4\u03b1\u03c4\u03b9\u03c3\u03c4\u03b9\u03ba\u03ad\u03c2 \u03c0\u03bf\u03c5 \u03bc\u03b1\u03c2 \u03b5\u03c0\u03b9\u03c4\u03c1\u03ad\u03c0\u03bf\u03c5\u03bd \u03bd\u03b1 \u03b1\u03bd\u03c4\u03b9\u03bb\u03b7\u03c6\u03b8\u03bf\u03cd\u03bc\u03b5 \u03c0\u03c9\u03c2 \u03c4\u03bf \u03ba\u03bf\u03b9\u03bd\u03cc \u03c7\u03c1\u03b7\u03c3\u03b9\u03bc\u03bf\u03c0\u03bf\u03b9\u03b5\u03af [&hellip;]<\/p>","protected":false},"author":1,"featured_media":0,"parent":0,"menu_order":0,"comment_status":"closed","ping_status":"open","template":"","meta":{"footnotes":""},"class_list":["post-3","page","type-page","status-publish","hentry"],"yoast_head":"<!-- This site is optimized with the Yoast SEO plugin v27.4 - https:\/\/yoast.com\/product\/yoast-seo-wordpress\/ -->\n<title>\u03a0\u03bf\u03bb\u03b9\u03c4\u03b9\u03ba\u03ae \u03b1\u03c0\u03bf\u03c1\u03c1\u03ae\u03c4\u03bf\u03c5 - Puff Dragon<\/title>\n<meta name=\"robots\" content=\"index, follow, max-snippet:-1, max-image-preview:large, max-video-preview:-1\" \/>\n<link rel=\"canonical\" href=\"https:\/\/puffdragon.gr\/es\/privacy-policy\/\" \/>\n<meta property=\"og:locale\" content=\"es_ES\" \/>\n<meta property=\"og:type\" content=\"article\" \/>\n<meta property=\"og:title\" content=\"\u03a0\u03bf\u03bb\u03b9\u03c4\u03b9\u03ba\u03ae \u03b1\u03c0\u03bf\u03c1\u03c1\u03ae\u03c4\u03bf\u03c5 - Puff Dragon\" \/>\n<meta property=\"og:description\" content=\"\u03a7\u03c1\u03b7\u03c3\u03b9\u03bc\u03bf\u03c0\u03bf\u03b9\u03bf\u03cd\u03bc\u03b5 cookies \u03c3\u03c4\u03bf\u03bd \u03b9\u03c3\u03c4\u03cc\u03c4\u03bf\u03c0\u03cc \u03bc\u03b1\u03c2 \u03b3\u03b9\u03b1 \u03c4\u03b7 \u03b4\u03b9\u03b1\u03c7\u03b5\u03af\u03c1\u03b7\u03c3\u03b7 \u03c4\u03c9\u03bd \u03c0\u03b5\u03c1\u03b9\u03cc\u03b4\u03c9\u03bd \u03c3\u03cd\u03bd\u03b4\u03b5\u03c3\u03b7\u03c2, \u03b3\u03b9\u03b1 \u03c4\u03b7\u03bd \u03c0\u03b1\u03c1\u03bf\u03c7\u03ae \u03b5\u03be\u03b1\u03c4\u03bf\u03bc\u03b9\u03ba\u03b5\u03c5\u03bc\u03ad\u03bd\u03c9\u03bd \u03b9\u03c3\u03c4\u03bf\u03c3\u03b5\u03bb\u03af\u03b4\u03c9\u03bd \u03ba\u03b1\u03b9 \u03b3\u03b9\u03b1 \u03c4\u03b7\u03bd \u03c0\u03c1\u03bf\u03c3\u03b1\u03c1\u03bc\u03bf\u03b3\u03ae \u03b4\u03b9\u03b1\u03c6\u03b7\u03bc\u03b9\u03c3\u03c4\u03b9\u03ba\u03bf\u03cd \u03ba\u03b1\u03b9 \u03ac\u03bb\u03bb\u03bf\u03c5 \u03c0\u03b5\u03c1\u03b9\u03b5\u03c7\u03bf\u03bc\u03ad\u03bd\u03bf\u03c5 \u03ce\u03c3\u03c4\u03b5 \u03bd\u03b1 \u03b1\u03bd\u03c4\u03b9\u03ba\u03b1\u03c4\u03bf\u03c0\u03c4\u03c1\u03af\u03b6\u03b5\u03b9 \u03c4\u03b9\u03c2 \u03b9\u03b4\u03b9\u03b1\u03af\u03c4\u03b5\u03c1\u03b5\u03c2 \u03b1\u03bd\u03ac\u03b3\u03ba\u03b5\u03c2 \u03ba\u03b1\u03b9 \u03c4\u03b1 \u03b5\u03bd\u03b4\u03b9\u03b1\u03c6\u03ad\u03c1\u03bf\u03bd\u03c4\u03ac \u03c3\u03b1\u03c2. \u0395\u03c0\u03af\u03c3\u03b7\u03c2 \u03c4\u03b1 cookies \u03bc\u03c0\u03bf\u03c1\u03bf\u03cd\u03bd \u03bd\u03b1 \u03c7\u03c1\u03b7\u03c3\u03b9\u03bc\u03bf\u03c0\u03bf\u03b9\u03b7\u03b8\u03bf\u03cd\u03bd \u03b3\u03b9\u03b1 \u03bd\u03b1 \u03c3\u03c5\u03bd\u03c4\u03ac\u03be\u03bf\u03c5\u03bc\u03b5 \u03b1\u03bd\u03ce\u03bd\u03c5\u03bc\u03b5\u03c2, \u03b1\u03b8\u03c1\u03bf\u03b9\u03c3\u03c4\u03b9\u03ba\u03ad\u03c2 \u03c3\u03c4\u03b1\u03c4\u03b9\u03c3\u03c4\u03b9\u03ba\u03ad\u03c2 \u03c0\u03bf\u03c5 \u03bc\u03b1\u03c2 \u03b5\u03c0\u03b9\u03c4\u03c1\u03ad\u03c0\u03bf\u03c5\u03bd \u03bd\u03b1 \u03b1\u03bd\u03c4\u03b9\u03bb\u03b7\u03c6\u03b8\u03bf\u03cd\u03bc\u03b5 \u03c0\u03c9\u03c2 \u03c4\u03bf \u03ba\u03bf\u03b9\u03bd\u03cc \u03c7\u03c1\u03b7\u03c3\u03b9\u03bc\u03bf\u03c0\u03bf\u03b9\u03b5\u03af [&hellip;]\" \/>\n<meta property=\"og:url\" content=\"https:\/\/puffdragon.gr\/es\/privacy-policy\/\" \/>\n<meta property=\"og:site_name\" content=\"Puff Dragon\" \/>\n<meta property=\"article:modified_time\" content=\"2024-12-21T20:54:25+00:00\" \/>\n<meta property=\"og:image\" content=\"https:\/\/puffdragon.gr\/wp-content\/uploads\/2024\/12\/Asset-5.png\" \/>\n\t<meta property=\"og:image:width\" content=\"682\" \/>\n\t<meta property=\"og:image:height\" content=\"536\" \/>\n\t<meta property=\"og:image:type\" content=\"image\/png\" \/>\n<meta name=\"twitter:card\" content=\"summary_large_image\" \/>\n<meta name=\"twitter:label1\" content=\"Tiempo de lectura\" \/>\n\t<meta name=\"twitter:data1\" content=\"4 minutos\" \/>\n<script type=\"application\/ld+json\" class=\"yoast-schema-graph\">{\"@context\":\"https:\\\/\\\/schema.org\",\"@graph\":[{\"@type\":\"WebPage\",\"@id\":\"https:\\\/\\\/puffdragon.gr\\\/privacy-policy\\\/\",\"url\":\"https:\\\/\\\/puffdragon.gr\\\/privacy-policy\\\/\",\"name\":\"\u03a0\u03bf\u03bb\u03b9\u03c4\u03b9\u03ba\u03ae \u03b1\u03c0\u03bf\u03c1\u03c1\u03ae\u03c4\u03bf\u03c5 - Puff Dragon\",\"isPartOf\":{\"@id\":\"https:\\\/\\\/puffdragon.gr\\\/#website\"},\"datePublished\":\"2024-08-12T20:17:06+00:00\",\"dateModified\":\"2024-12-21T20:54:25+00:00\",\"breadcrumb\":{\"@id\":\"https:\\\/\\\/puffdragon.gr\\\/privacy-policy\\\/#breadcrumb\"},\"inLanguage\":\"es\",\"potentialAction\":[{\"@type\":\"ReadAction\",\"target\":[\"https:\\\/\\\/puffdragon.gr\\\/privacy-policy\\\/\"]}]},{\"@type\":\"BreadcrumbList\",\"@id\":\"https:\\\/\\\/puffdragon.gr\\\/privacy-policy\\\/#breadcrumb\",\"itemListElement\":[{\"@type\":\"ListItem\",\"position\":1,\"name\":\"\u0391\u03c1\u03c7\u03b9\u03ba\u03ae\",\"item\":\"https:\\\/\\\/puffdragon.gr\\\/\"},{\"@type\":\"ListItem\",\"position\":2,\"name\":\"\u03a0\u03bf\u03bb\u03b9\u03c4\u03b9\u03ba\u03ae \u03b1\u03c0\u03bf\u03c1\u03c1\u03ae\u03c4\u03bf\u03c5\"}]},{\"@type\":\"WebSite\",\"@id\":\"https:\\\/\\\/puffdragon.gr\\\/#website\",\"url\":\"https:\\\/\\\/puffdragon.gr\\\/\",\"name\":\"Puff Dragon\",\"description\":\"\",\"publisher\":{\"@id\":\"https:\\\/\\\/puffdragon.gr\\\/#organization\"},\"potentialAction\":[{\"@type\":\"SearchAction\",\"target\":{\"@type\":\"EntryPoint\",\"urlTemplate\":\"https:\\\/\\\/puffdragon.gr\\\/?s={search_term_string}\"},\"query-input\":{\"@type\":\"PropertyValueSpecification\",\"valueRequired\":true,\"valueName\":\"search_term_string\"}}],\"inLanguage\":\"es\"},{\"@type\":\"Organization\",\"@id\":\"https:\\\/\\\/puffdragon.gr\\\/#organization\",\"name\":\"Puff Dragon\",\"url\":\"https:\\\/\\\/puffdragon.gr\\\/\",\"logo\":{\"@type\":\"ImageObject\",\"inLanguage\":\"es\",\"@id\":\"https:\\\/\\\/puffdragon.gr\\\/#\\\/schema\\\/logo\\\/image\\\/\",\"url\":\"https:\\\/\\\/puffdragon.gr\\\/wp-content\\\/uploads\\\/2021\\\/05\\\/logo-2.svg\",\"contentUrl\":\"https:\\\/\\\/puffdragon.gr\\\/wp-content\\\/uploads\\\/2021\\\/05\\\/logo-2.svg\",\"width\":136,\"height\":40,\"caption\":\"Puff Dragon\"},\"image\":{\"@id\":\"https:\\\/\\\/puffdragon.gr\\\/#\\\/schema\\\/logo\\\/image\\\/\"}}]}<\/script>\n<!-- \/ Yoast SEO plugin. -->","yoast_head_json":{"title":"\u03a0\u03bf\u03bb\u03b9\u03c4\u03b9\u03ba\u03ae \u03b1\u03c0\u03bf\u03c1\u03c1\u03ae\u03c4\u03bf\u03c5 - Puff Dragon","robots":{"index":"index","follow":"follow","max-snippet":"max-snippet:-1","max-image-preview":"max-image-preview:large","max-video-preview":"max-video-preview:-1"},"canonical":"https:\/\/puffdragon.gr\/es\/privacy-policy\/","og_locale":"es_ES","og_type":"article","og_title":"\u03a0\u03bf\u03bb\u03b9\u03c4\u03b9\u03ba\u03ae \u03b1\u03c0\u03bf\u03c1\u03c1\u03ae\u03c4\u03bf\u03c5 - Puff Dragon","og_description":"\u03a7\u03c1\u03b7\u03c3\u03b9\u03bc\u03bf\u03c0\u03bf\u03b9\u03bf\u03cd\u03bc\u03b5 cookies \u03c3\u03c4\u03bf\u03bd \u03b9\u03c3\u03c4\u03cc\u03c4\u03bf\u03c0\u03cc \u03bc\u03b1\u03c2 \u03b3\u03b9\u03b1 \u03c4\u03b7 \u03b4\u03b9\u03b1\u03c7\u03b5\u03af\u03c1\u03b7\u03c3\u03b7 \u03c4\u03c9\u03bd \u03c0\u03b5\u03c1\u03b9\u03cc\u03b4\u03c9\u03bd \u03c3\u03cd\u03bd\u03b4\u03b5\u03c3\u03b7\u03c2, \u03b3\u03b9\u03b1 \u03c4\u03b7\u03bd \u03c0\u03b1\u03c1\u03bf\u03c7\u03ae \u03b5\u03be\u03b1\u03c4\u03bf\u03bc\u03b9\u03ba\u03b5\u03c5\u03bc\u03ad\u03bd\u03c9\u03bd \u03b9\u03c3\u03c4\u03bf\u03c3\u03b5\u03bb\u03af\u03b4\u03c9\u03bd \u03ba\u03b1\u03b9 \u03b3\u03b9\u03b1 \u03c4\u03b7\u03bd \u03c0\u03c1\u03bf\u03c3\u03b1\u03c1\u03bc\u03bf\u03b3\u03ae \u03b4\u03b9\u03b1\u03c6\u03b7\u03bc\u03b9\u03c3\u03c4\u03b9\u03ba\u03bf\u03cd \u03ba\u03b1\u03b9 \u03ac\u03bb\u03bb\u03bf\u03c5 \u03c0\u03b5\u03c1\u03b9\u03b5\u03c7\u03bf\u03bc\u03ad\u03bd\u03bf\u03c5 \u03ce\u03c3\u03c4\u03b5 \u03bd\u03b1 \u03b1\u03bd\u03c4\u03b9\u03ba\u03b1\u03c4\u03bf\u03c0\u03c4\u03c1\u03af\u03b6\u03b5\u03b9 \u03c4\u03b9\u03c2 \u03b9\u03b4\u03b9\u03b1\u03af\u03c4\u03b5\u03c1\u03b5\u03c2 \u03b1\u03bd\u03ac\u03b3\u03ba\u03b5\u03c2 \u03ba\u03b1\u03b9 \u03c4\u03b1 \u03b5\u03bd\u03b4\u03b9\u03b1\u03c6\u03ad\u03c1\u03bf\u03bd\u03c4\u03ac \u03c3\u03b1\u03c2. \u0395\u03c0\u03af\u03c3\u03b7\u03c2 \u03c4\u03b1 cookies \u03bc\u03c0\u03bf\u03c1\u03bf\u03cd\u03bd \u03bd\u03b1 \u03c7\u03c1\u03b7\u03c3\u03b9\u03bc\u03bf\u03c0\u03bf\u03b9\u03b7\u03b8\u03bf\u03cd\u03bd \u03b3\u03b9\u03b1 \u03bd\u03b1 \u03c3\u03c5\u03bd\u03c4\u03ac\u03be\u03bf\u03c5\u03bc\u03b5 \u03b1\u03bd\u03ce\u03bd\u03c5\u03bc\u03b5\u03c2, \u03b1\u03b8\u03c1\u03bf\u03b9\u03c3\u03c4\u03b9\u03ba\u03ad\u03c2 \u03c3\u03c4\u03b1\u03c4\u03b9\u03c3\u03c4\u03b9\u03ba\u03ad\u03c2 \u03c0\u03bf\u03c5 \u03bc\u03b1\u03c2 \u03b5\u03c0\u03b9\u03c4\u03c1\u03ad\u03c0\u03bf\u03c5\u03bd \u03bd\u03b1 \u03b1\u03bd\u03c4\u03b9\u03bb\u03b7\u03c6\u03b8\u03bf\u03cd\u03bc\u03b5 \u03c0\u03c9\u03c2 \u03c4\u03bf \u03ba\u03bf\u03b9\u03bd\u03cc \u03c7\u03c1\u03b7\u03c3\u03b9\u03bc\u03bf\u03c0\u03bf\u03b9\u03b5\u03af [&hellip;]","og_url":"https:\/\/puffdragon.gr\/es\/privacy-policy\/","og_site_name":"Puff Dragon","article_modified_time":"2024-12-21T20:54:25+00:00","og_image":[{"width":682,"height":536,"url":"https:\/\/puffdragon.gr\/wp-content\/uploads\/2024\/12\/Asset-5.png","type":"image\/png"}],"twitter_card":"summary_large_image","twitter_misc":{"Tiempo de lectura":"4 minutos"},"schema":{"@context":"https:\/\/schema.org","@graph":[{"@type":"WebPage","@id":"https:\/\/puffdragon.gr\/privacy-policy\/","url":"https:\/\/puffdragon.gr\/privacy-policy\/","name":"\u03a0\u03bf\u03bb\u03b9\u03c4\u03b9\u03ba\u03ae \u03b1\u03c0\u03bf\u03c1\u03c1\u03ae\u03c4\u03bf\u03c5 - Puff Dragon","isPartOf":{"@id":"https:\/\/puffdragon.gr\/#website"},"datePublished":"2024-08-12T20:17:06+00:00","dateModified":"2024-12-21T20:54:25+00:00","breadcrumb":{"@id":"https:\/\/puffdragon.gr\/privacy-policy\/#breadcrumb"},"inLanguage":"es","potentialAction":[{"@type":"ReadAction","target":["https:\/\/puffdragon.gr\/privacy-policy\/"]}]},{"@type":"BreadcrumbList","@id":"https:\/\/puffdragon.gr\/privacy-policy\/#breadcrumb","itemListElement":[{"@type":"ListItem","position":1,"name":"\u0391\u03c1\u03c7\u03b9\u03ba\u03ae","item":"https:\/\/puffdragon.gr\/"},{"@type":"ListItem","position":2,"name":"\u03a0\u03bf\u03bb\u03b9\u03c4\u03b9\u03ba\u03ae \u03b1\u03c0\u03bf\u03c1\u03c1\u03ae\u03c4\u03bf\u03c5"}]},{"@type":"WebSite","@id":"https:\/\/puffdragon.gr\/#website","url":"https:\/\/puffdragon.gr\/","name":"Puff Dragon","description":"","publisher":{"@id":"https:\/\/puffdragon.gr\/#organization"},"potentialAction":[{"@type":"SearchAction","target":{"@type":"EntryPoint","urlTemplate":"https:\/\/puffdragon.gr\/?s={search_term_string}"},"query-input":{"@type":"PropertyValueSpecification","valueRequired":true,"valueName":"search_term_string"}}],"inLanguage":"es"},{"@type":"Organization","@id":"https:\/\/puffdragon.gr\/#organization","name":"Puff Dragon","url":"https:\/\/puffdragon.gr\/","logo":{"@type":"ImageObject","inLanguage":"es","@id":"https:\/\/puffdragon.gr\/#\/schema\/logo\/image\/","url":"https:\/\/puffdragon.gr\/wp-content\/uploads\/2021\/05\/logo-2.svg","contentUrl":"https:\/\/puffdragon.gr\/wp-content\/uploads\/2021\/05\/logo-2.svg","width":136,"height":40,"caption":"Puff Dragon"},"image":{"@id":"https:\/\/puffdragon.gr\/#\/schema\/logo\/image\/"}}]}},"_links":{"self":[{"href":"https:\/\/puffdragon.gr\/es\/wp-json\/wp\/v2\/pages\/3","targetHints":{"allow":["GET"]}}],"collection":[{"href":"https:\/\/puffdragon.gr\/es\/wp-json\/wp\/v2\/pages"}],"about":[{"href":"https:\/\/puffdragon.gr\/es\/wp-json\/wp\/v2\/types\/page"}],"author":[{"embeddable":true,"href":"https:\/\/puffdragon.gr\/es\/wp-json\/wp\/v2\/users\/1"}],"replies":[{"embeddable":true,"href":"https:\/\/puffdragon.gr\/es\/wp-json\/wp\/v2\/comments?post=3"}],"version-history":[{"count":9,"href":"https:\/\/puffdragon.gr\/es\/wp-json\/wp\/v2\/pages\/3\/revisions"}],"predecessor-version":[{"id":9207,"href":"https:\/\/puffdragon.gr\/es\/wp-json\/wp\/v2\/pages\/3\/revisions\/9207"}],"wp:attachment":[{"href":"https:\/\/puffdragon.gr\/es\/wp-json\/wp\/v2\/media?parent=3"}],"curies":[{"name":"wp","href":"https:\/\/api.w.org\/{rel}","templated":true}]}}