{"id":2385,"date":"2020-09-27T15:07:34","date_gmt":"2020-09-27T15:07:34","guid":{"rendered":"https:\/\/the7.io\/elementor-agency\/?page_id=2385"},"modified":"2024-12-22T16:41:43","modified_gmt":"2024-12-22T14:41:43","slug":"oroi-proypotheseis","status":"publish","type":"page","link":"https:\/\/puffdragon.gr\/es\/oroi-proypotheseis\/","title":{"rendered":"T\u00e9rminos y condiciones"},"content":{"rendered":"<div data-elementor-type=\"wp-page\" data-elementor-id=\"2385\" class=\"elementor elementor-2385\" data-elementor-post-type=\"page\">\n\t\t\t\t\t\t<section class=\"elementor-section elementor-top-section elementor-element elementor-element-0f4a400 elementor-section-boxed elementor-section-height-default elementor-section-height-default\" data-id=\"0f4a400\" data-element_type=\"section\">\n\t\t\t\t\t\t<div class=\"elementor-container elementor-column-gap-wider\">\n\t\t\t\t\t<div class=\"elementor-column elementor-col-100 elementor-top-column elementor-element elementor-element-b0c11ed\" data-id=\"b0c11ed\" data-element_type=\"column\">\n\t\t\t<div class=\"elementor-widget-wrap elementor-element-populated\">\n\t\t\t\t\t\t<div class=\"elementor-element elementor-element-b092721 elementor-widget elementor-widget-text-editor\" data-id=\"b092721\" data-element_type=\"widget\" data-widget_type=\"text-editor.default\">\n\t\t\t\t<div class=\"elementor-widget-container\">\n\t\t\t\t\t\t\t\t\t<p><span style=\"color: #ffffff;\"><span style=\"font-family: Metropolitano, sans-serif;\"><span style=\"font-size: medium;\"><b>Derechos de autor<\/b><\/span><\/span><\/span><\/p>\n<p><span style=\"color: #ffffff;\"><span style=\"font-family: Metropolitano, sans-serif;\"><span style=\"font-size: medium;\">Todos los derechos de propiedad intelectual de este sitio web pertenecen a la empresa puffdragon.gr o a terceros a los que legalmente corresponda. Al acceder a este sitio web, usted acepta las leyes de derechos de autor anteriores. El logotipo de Tpuffdragon.gr, as\u00ed como cualquier otro logotipo dentro del sitio web, es propiedad de la empresa puffdragon.gr.<br>Los nombres de productos y empresas mencionados en este sitio web pueden ser marcas comerciales o nombres comerciales de sus respectivos propietarios. Su acceso a este sitio web no debe tomarse como una concesi\u00f3n, consecuente, final o de otro tipo, de im\u00e1genes o representaciones que aparecen en este sitio web, sin el m\u00e1s m\u00ednimo consentimiento por escrito de nuestra parte o de cualquier tercero propietario.<\/span><\/span><\/span><\/p>\n<p><span style=\"color: #ffffff;\"><span style=\"font-family: Metropolitano, sans-serif;\"><span style=\"font-size: medium;\"><b><br>Limitaci\u00f3n de responsabilidad<br><\/b>puffdragon.gr ha intentado representar los productos que tiene con la mayor precisi\u00f3n posible mostrando fotograf\u00edas, descripciones, comentarios especiales, etc. Sin embargo, este sitio web puede contener errores tipogr\u00e1ficos, num\u00e9ricos y de ilustraci\u00f3n.<br>puffdragon.gr no garantiza la exactitud o integridad de las ilustraciones y descripciones ni la confiabilidad de ning\u00fan consejo, opini\u00f3n, declaraci\u00f3n u otra informaci\u00f3n a la que se haga referencia o est\u00e9 disponible en este sitio web.<\/span><\/span><\/span><\/p>\n<p><span style=\"color: #ffffff;\"><b>Modificaci\u00f3n de los t\u00e9rminos del presente<\/b><\/span><\/p>\n<p><span style=\"color: #ffffff;\"><span style=\"font-family: Metropolitano, sans-serif;\"><span style=\"font-size: medium;\">puffdragon.gr se reserva el derecho de modificar o renovar los t\u00e9rminos y condiciones de las transacciones y asume la obligaci\u00f3n de actualizar este texto para cualquier cambio o adici\u00f3n a los t\u00e9rminos.<\/span><\/span><\/span><\/p>\n<p><span style=\"color: #ffffff;\"><b>Precios<\/b><\/span><\/p>\n<p><span style=\"color: #ffffff;\"><span style=\"font-family: Metropolitano, sans-serif;\"><span style=\"font-size: medium;\">Todos los precios presentados en nuestra tienda online incluyen el IVA. 24%. puffdragon.gr se reserva el derecho de ajustar los precios.<\/span><\/span><\/span><\/p>\n<p><span style=\"color: #ffffff;\"><b>Marco legal<\/b><\/span><\/p>\n<p><span style=\"color: #ffffff;\"><span style=\"font-family: Metropolitano, sans-serif;\"><span style=\"font-size: medium;\">Todas las transacciones realizadas a trav\u00e9s del sitio web puffdragon.gr se rigen por la legislaci\u00f3n internacional y europea que regula las cuestiones relacionadas con el comercio electr\u00f3nico (Directiva 2000\/31\/CE, PD 131\/2003) as\u00ed como por la Ley de Protecci\u00f3n al Consumidor (Ley 2251\/1994). ) que regula cuestiones relacionadas con las ventas a distancia.<\/span><\/span><\/span><\/p>\t\t\t\t\t\t\t\t<\/div>\n\t\t\t\t<\/div>\n\t\t\t\t\t<\/div>\n\t\t<\/div>\n\t\t\t\t\t<\/div>\n\t\t<\/section>\n\t\t\t\t<\/div>","protected":false},"excerpt":{"rendered":"<p>\u03a0\u03bd\u03b5\u03c5\u03bc\u03b1\u03c4\u03b9\u03ba\u03ae \u03b9\u03b4\u03b9\u03bf\u03ba\u03c4\u03b7\u03c3\u03af\u03b1 \u038c\u03bb\u03b1 \u03c4\u03b1 \u03b4\u03b9\u03ba\u03b1\u03b9\u03ce\u03bc\u03b1\u03c4\u03b1 \u03c0\u03bd\u03b5\u03c5\u03bc\u03b1\u03c4\u03b9\u03ba\u03ae\u03c2 \u03b9\u03b4\u03b9\u03bf\u03ba\u03c4\u03b7\u03c3\u03af\u03b1\u03c2 \u03c4\u03bf\u03c5 \u03c0\u03b1\u03c1\u03cc\u03bd\u03c4\u03bf\u03c2 \u03b9\u03c3\u03c4\u03bf\u03c4\u03cc\u03c0\u03bf\u03c5 \u03b1\u03bd\u03ae\u03ba\u03bf\u03c5\u03bd \u03c3\u03c4\u03b7\u03bd \u03b5\u03c4\u03b1\u03b9\u03c1\u03b5\u03af\u03b1 puffdragon.gr \u03ae \u03c3\u03b5 \u03c4\u03c1\u03af\u03c4\u03b1 \u03bc\u03ad\u03c1\u03b7 \u03c0\u03bf\u03c5 \u03bd\u03bf\u03bc\u03af\u03bc\u03c9\u03c2 \u03b1\u03c6\u03bf\u03c1\u03bf\u03cd\u03bd. \u0391\u03c0\u03bf\u03ba\u03c4\u03ce\u03bd\u03c4\u03b1\u03c2 \u03c0\u03c1\u03cc\u03c3\u03b2\u03b1\u03c3\u03b7 \u03c3\u03b5 \u03b1\u03c5\u03c4\u03cc\u03bd \u03c4\u03bf \u0394\u03b9\u03ba\u03c4\u03c5\u03b1\u03ba\u03cc \u03a4\u03cc\u03c0\u03bf \u03c3\u03c5\u03bc\u03c6\u03c9\u03bd\u03b5\u03af\u03c4\u03b5 \u03cc\u03c4\u03b9 \u03b1\u03c0\u03bf\u03b4\u03ad\u03c7\u03b5\u03c3\u03c4\u03b5 \u03c4\u03bf\u03c5\u03c2 \u03b1\u03bd\u03c9\u03c4\u03ad\u03c1\u03c9 \u03bd\u03cc\u03bc\u03bf\u03c5\u03c2 \u03c0\u03b5\u03c1\u03af \u03c0\u03bd\u03b5\u03c5\u03bc\u03b1\u03c4\u03b9\u03ba\u03ae\u03c2 \u03b9\u03b4\u03b9\u03bf\u03ba\u03c4\u03b7\u03c3\u03af\u03b1\u03c2. \u03a4\u03bf \u03bb\u03bf\u03b3\u03cc\u03c4\u03c5\u03c0\u03bf Tpuffdragon.gr \u03ba\u03b1\u03b8\u03ce\u03c2 \u03ba\u03b1\u03b9 \u03ba\u03ac\u03b8\u03b5 \u03ac\u03bb\u03bb\u03bf \u03bb\u03bf\u03b3\u03cc\u03c4\u03c5\u03c0\u03bf \u03b5\u03bd\u03c4\u03cc\u03c2 \u03c4\u03bf\u03c5 \u03b9\u03c3\u03c4\u03bf\u03c4\u03cc\u03c0\u03bf\u03c5 \u03b5\u03af\u03bd\u03b1\u03b9 \u03b9\u03b4\u03b9\u03bf\u03ba\u03c4\u03b7\u03c3\u03af\u03b1 \u03c4\u03b7\u03c2 \u03b5\u03c4\u03b1\u03b9\u03c1\u03b5\u03af\u03b1\u03c2 puffdragon.gr\u039f\u03b9 \u03bf\u03bd\u03bf\u03bc\u03b1\u03c3\u03af\u03b5\u03c2 \u03c0\u03c1\u03bf\u03ca\u03cc\u03bd\u03c4\u03c9\u03bd [&hellip;]<\/p>","protected":false},"author":1,"featured_media":0,"parent":0,"menu_order":910,"comment_status":"closed","ping_status":"closed","template":"","meta":{"footnotes":""},"class_list":["post-2385","page","type-page","status-publish","hentry"],"yoast_head":"<!-- This site is optimized with the Yoast SEO plugin v27.4 - https:\/\/yoast.com\/product\/yoast-seo-wordpress\/ -->\n<title>\u038c\u03c1\u03bf\u03b9 &amp; \u03c0\u03c1\u03bf\u03cb\u03c0\u03bf\u03b8\u03ad\u03c3\u03b5\u03b9\u03c2 - Puff Dragon<\/title>\n<meta name=\"robots\" content=\"index, follow, max-snippet:-1, max-image-preview:large, max-video-preview:-1\" \/>\n<link rel=\"canonical\" href=\"https:\/\/puffdragon.gr\/es\/oroi-proypotheseis\/\" \/>\n<meta property=\"og:locale\" content=\"es_ES\" \/>\n<meta property=\"og:type\" content=\"article\" \/>\n<meta property=\"og:title\" content=\"\u038c\u03c1\u03bf\u03b9 &amp; \u03c0\u03c1\u03bf\u03cb\u03c0\u03bf\u03b8\u03ad\u03c3\u03b5\u03b9\u03c2 - Puff Dragon\" \/>\n<meta property=\"og:description\" content=\"\u03a0\u03bd\u03b5\u03c5\u03bc\u03b1\u03c4\u03b9\u03ba\u03ae \u03b9\u03b4\u03b9\u03bf\u03ba\u03c4\u03b7\u03c3\u03af\u03b1 \u038c\u03bb\u03b1 \u03c4\u03b1 \u03b4\u03b9\u03ba\u03b1\u03b9\u03ce\u03bc\u03b1\u03c4\u03b1 \u03c0\u03bd\u03b5\u03c5\u03bc\u03b1\u03c4\u03b9\u03ba\u03ae\u03c2 \u03b9\u03b4\u03b9\u03bf\u03ba\u03c4\u03b7\u03c3\u03af\u03b1\u03c2 \u03c4\u03bf\u03c5 \u03c0\u03b1\u03c1\u03cc\u03bd\u03c4\u03bf\u03c2 \u03b9\u03c3\u03c4\u03bf\u03c4\u03cc\u03c0\u03bf\u03c5 \u03b1\u03bd\u03ae\u03ba\u03bf\u03c5\u03bd \u03c3\u03c4\u03b7\u03bd \u03b5\u03c4\u03b1\u03b9\u03c1\u03b5\u03af\u03b1 puffdragon.gr \u03ae \u03c3\u03b5 \u03c4\u03c1\u03af\u03c4\u03b1 \u03bc\u03ad\u03c1\u03b7 \u03c0\u03bf\u03c5 \u03bd\u03bf\u03bc\u03af\u03bc\u03c9\u03c2 \u03b1\u03c6\u03bf\u03c1\u03bf\u03cd\u03bd. \u0391\u03c0\u03bf\u03ba\u03c4\u03ce\u03bd\u03c4\u03b1\u03c2 \u03c0\u03c1\u03cc\u03c3\u03b2\u03b1\u03c3\u03b7 \u03c3\u03b5 \u03b1\u03c5\u03c4\u03cc\u03bd \u03c4\u03bf \u0394\u03b9\u03ba\u03c4\u03c5\u03b1\u03ba\u03cc \u03a4\u03cc\u03c0\u03bf \u03c3\u03c5\u03bc\u03c6\u03c9\u03bd\u03b5\u03af\u03c4\u03b5 \u03cc\u03c4\u03b9 \u03b1\u03c0\u03bf\u03b4\u03ad\u03c7\u03b5\u03c3\u03c4\u03b5 \u03c4\u03bf\u03c5\u03c2 \u03b1\u03bd\u03c9\u03c4\u03ad\u03c1\u03c9 \u03bd\u03cc\u03bc\u03bf\u03c5\u03c2 \u03c0\u03b5\u03c1\u03af \u03c0\u03bd\u03b5\u03c5\u03bc\u03b1\u03c4\u03b9\u03ba\u03ae\u03c2 \u03b9\u03b4\u03b9\u03bf\u03ba\u03c4\u03b7\u03c3\u03af\u03b1\u03c2. \u03a4\u03bf \u03bb\u03bf\u03b3\u03cc\u03c4\u03c5\u03c0\u03bf Tpuffdragon.gr \u03ba\u03b1\u03b8\u03ce\u03c2 \u03ba\u03b1\u03b9 \u03ba\u03ac\u03b8\u03b5 \u03ac\u03bb\u03bb\u03bf \u03bb\u03bf\u03b3\u03cc\u03c4\u03c5\u03c0\u03bf \u03b5\u03bd\u03c4\u03cc\u03c2 \u03c4\u03bf\u03c5 \u03b9\u03c3\u03c4\u03bf\u03c4\u03cc\u03c0\u03bf\u03c5 \u03b5\u03af\u03bd\u03b1\u03b9 \u03b9\u03b4\u03b9\u03bf\u03ba\u03c4\u03b7\u03c3\u03af\u03b1 \u03c4\u03b7\u03c2 \u03b5\u03c4\u03b1\u03b9\u03c1\u03b5\u03af\u03b1\u03c2 puffdragon.gr\u039f\u03b9 \u03bf\u03bd\u03bf\u03bc\u03b1\u03c3\u03af\u03b5\u03c2 \u03c0\u03c1\u03bf\u03ca\u03cc\u03bd\u03c4\u03c9\u03bd [&hellip;]\" \/>\n<meta property=\"og:url\" content=\"https:\/\/puffdragon.gr\/es\/oroi-proypotheseis\/\" \/>\n<meta property=\"og:site_name\" content=\"Puff Dragon\" \/>\n<meta property=\"article:modified_time\" content=\"2024-12-22T14:41:43+00:00\" \/>\n<meta property=\"og:image\" content=\"https:\/\/puffdragon.gr\/wp-content\/uploads\/2024\/12\/Asset-5.png\" \/>\n\t<meta property=\"og:image:width\" content=\"682\" \/>\n\t<meta property=\"og:image:height\" content=\"536\" \/>\n\t<meta property=\"og:image:type\" content=\"image\/png\" \/>\n<meta name=\"twitter:card\" content=\"summary_large_image\" \/>\n<meta name=\"twitter:label1\" content=\"Tiempo de lectura\" \/>\n\t<meta name=\"twitter:data1\" content=\"2 minutos\" \/>\n<script type=\"application\/ld+json\" class=\"yoast-schema-graph\">{\"@context\":\"https:\\\/\\\/schema.org\",\"@graph\":[{\"@type\":\"WebPage\",\"@id\":\"https:\\\/\\\/puffdragon.gr\\\/oroi-proypotheseis\\\/\",\"url\":\"https:\\\/\\\/puffdragon.gr\\\/oroi-proypotheseis\\\/\",\"name\":\"\u038c\u03c1\u03bf\u03b9 & \u03c0\u03c1\u03bf\u03cb\u03c0\u03bf\u03b8\u03ad\u03c3\u03b5\u03b9\u03c2 - Puff Dragon\",\"isPartOf\":{\"@id\":\"https:\\\/\\\/puffdragon.gr\\\/#website\"},\"datePublished\":\"2020-09-27T15:07:34+00:00\",\"dateModified\":\"2024-12-22T14:41:43+00:00\",\"breadcrumb\":{\"@id\":\"https:\\\/\\\/puffdragon.gr\\\/oroi-proypotheseis\\\/#breadcrumb\"},\"inLanguage\":\"es\",\"potentialAction\":[{\"@type\":\"ReadAction\",\"target\":[\"https:\\\/\\\/puffdragon.gr\\\/oroi-proypotheseis\\\/\"]}]},{\"@type\":\"BreadcrumbList\",\"@id\":\"https:\\\/\\\/puffdragon.gr\\\/oroi-proypotheseis\\\/#breadcrumb\",\"itemListElement\":[{\"@type\":\"ListItem\",\"position\":1,\"name\":\"\u0391\u03c1\u03c7\u03b9\u03ba\u03ae\",\"item\":\"https:\\\/\\\/puffdragon.gr\\\/\"},{\"@type\":\"ListItem\",\"position\":2,\"name\":\"\u038c\u03c1\u03bf\u03b9 &#038; \u03c0\u03c1\u03bf\u03cb\u03c0\u03bf\u03b8\u03ad\u03c3\u03b5\u03b9\u03c2\"}]},{\"@type\":\"WebSite\",\"@id\":\"https:\\\/\\\/puffdragon.gr\\\/#website\",\"url\":\"https:\\\/\\\/puffdragon.gr\\\/\",\"name\":\"Puff Dragon\",\"description\":\"\",\"publisher\":{\"@id\":\"https:\\\/\\\/puffdragon.gr\\\/#organization\"},\"potentialAction\":[{\"@type\":\"SearchAction\",\"target\":{\"@type\":\"EntryPoint\",\"urlTemplate\":\"https:\\\/\\\/puffdragon.gr\\\/?s={search_term_string}\"},\"query-input\":{\"@type\":\"PropertyValueSpecification\",\"valueRequired\":true,\"valueName\":\"search_term_string\"}}],\"inLanguage\":\"es\"},{\"@type\":\"Organization\",\"@id\":\"https:\\\/\\\/puffdragon.gr\\\/#organization\",\"name\":\"Puff Dragon\",\"url\":\"https:\\\/\\\/puffdragon.gr\\\/\",\"logo\":{\"@type\":\"ImageObject\",\"inLanguage\":\"es\",\"@id\":\"https:\\\/\\\/puffdragon.gr\\\/#\\\/schema\\\/logo\\\/image\\\/\",\"url\":\"https:\\\/\\\/puffdragon.gr\\\/wp-content\\\/uploads\\\/2021\\\/05\\\/logo-2.svg\",\"contentUrl\":\"https:\\\/\\\/puffdragon.gr\\\/wp-content\\\/uploads\\\/2021\\\/05\\\/logo-2.svg\",\"width\":136,\"height\":40,\"caption\":\"Puff Dragon\"},\"image\":{\"@id\":\"https:\\\/\\\/puffdragon.gr\\\/#\\\/schema\\\/logo\\\/image\\\/\"}}]}<\/script>\n<!-- \/ Yoast SEO plugin. -->","yoast_head_json":{"title":"\u038c\u03c1\u03bf\u03b9 & \u03c0\u03c1\u03bf\u03cb\u03c0\u03bf\u03b8\u03ad\u03c3\u03b5\u03b9\u03c2 - Puff Dragon","robots":{"index":"index","follow":"follow","max-snippet":"max-snippet:-1","max-image-preview":"max-image-preview:large","max-video-preview":"max-video-preview:-1"},"canonical":"https:\/\/puffdragon.gr\/es\/oroi-proypotheseis\/","og_locale":"es_ES","og_type":"article","og_title":"\u038c\u03c1\u03bf\u03b9 & \u03c0\u03c1\u03bf\u03cb\u03c0\u03bf\u03b8\u03ad\u03c3\u03b5\u03b9\u03c2 - Puff Dragon","og_description":"\u03a0\u03bd\u03b5\u03c5\u03bc\u03b1\u03c4\u03b9\u03ba\u03ae \u03b9\u03b4\u03b9\u03bf\u03ba\u03c4\u03b7\u03c3\u03af\u03b1 \u038c\u03bb\u03b1 \u03c4\u03b1 \u03b4\u03b9\u03ba\u03b1\u03b9\u03ce\u03bc\u03b1\u03c4\u03b1 \u03c0\u03bd\u03b5\u03c5\u03bc\u03b1\u03c4\u03b9\u03ba\u03ae\u03c2 \u03b9\u03b4\u03b9\u03bf\u03ba\u03c4\u03b7\u03c3\u03af\u03b1\u03c2 \u03c4\u03bf\u03c5 \u03c0\u03b1\u03c1\u03cc\u03bd\u03c4\u03bf\u03c2 \u03b9\u03c3\u03c4\u03bf\u03c4\u03cc\u03c0\u03bf\u03c5 \u03b1\u03bd\u03ae\u03ba\u03bf\u03c5\u03bd \u03c3\u03c4\u03b7\u03bd \u03b5\u03c4\u03b1\u03b9\u03c1\u03b5\u03af\u03b1 puffdragon.gr \u03ae \u03c3\u03b5 \u03c4\u03c1\u03af\u03c4\u03b1 \u03bc\u03ad\u03c1\u03b7 \u03c0\u03bf\u03c5 \u03bd\u03bf\u03bc\u03af\u03bc\u03c9\u03c2 \u03b1\u03c6\u03bf\u03c1\u03bf\u03cd\u03bd. \u0391\u03c0\u03bf\u03ba\u03c4\u03ce\u03bd\u03c4\u03b1\u03c2 \u03c0\u03c1\u03cc\u03c3\u03b2\u03b1\u03c3\u03b7 \u03c3\u03b5 \u03b1\u03c5\u03c4\u03cc\u03bd \u03c4\u03bf \u0394\u03b9\u03ba\u03c4\u03c5\u03b1\u03ba\u03cc \u03a4\u03cc\u03c0\u03bf \u03c3\u03c5\u03bc\u03c6\u03c9\u03bd\u03b5\u03af\u03c4\u03b5 \u03cc\u03c4\u03b9 \u03b1\u03c0\u03bf\u03b4\u03ad\u03c7\u03b5\u03c3\u03c4\u03b5 \u03c4\u03bf\u03c5\u03c2 \u03b1\u03bd\u03c9\u03c4\u03ad\u03c1\u03c9 \u03bd\u03cc\u03bc\u03bf\u03c5\u03c2 \u03c0\u03b5\u03c1\u03af \u03c0\u03bd\u03b5\u03c5\u03bc\u03b1\u03c4\u03b9\u03ba\u03ae\u03c2 \u03b9\u03b4\u03b9\u03bf\u03ba\u03c4\u03b7\u03c3\u03af\u03b1\u03c2. \u03a4\u03bf \u03bb\u03bf\u03b3\u03cc\u03c4\u03c5\u03c0\u03bf Tpuffdragon.gr \u03ba\u03b1\u03b8\u03ce\u03c2 \u03ba\u03b1\u03b9 \u03ba\u03ac\u03b8\u03b5 \u03ac\u03bb\u03bb\u03bf \u03bb\u03bf\u03b3\u03cc\u03c4\u03c5\u03c0\u03bf \u03b5\u03bd\u03c4\u03cc\u03c2 \u03c4\u03bf\u03c5 \u03b9\u03c3\u03c4\u03bf\u03c4\u03cc\u03c0\u03bf\u03c5 \u03b5\u03af\u03bd\u03b1\u03b9 \u03b9\u03b4\u03b9\u03bf\u03ba\u03c4\u03b7\u03c3\u03af\u03b1 \u03c4\u03b7\u03c2 \u03b5\u03c4\u03b1\u03b9\u03c1\u03b5\u03af\u03b1\u03c2 puffdragon.gr\u039f\u03b9 \u03bf\u03bd\u03bf\u03bc\u03b1\u03c3\u03af\u03b5\u03c2 \u03c0\u03c1\u03bf\u03ca\u03cc\u03bd\u03c4\u03c9\u03bd [&hellip;]","og_url":"https:\/\/puffdragon.gr\/es\/oroi-proypotheseis\/","og_site_name":"Puff Dragon","article_modified_time":"2024-12-22T14:41:43+00:00","og_image":[{"width":682,"height":536,"url":"https:\/\/puffdragon.gr\/wp-content\/uploads\/2024\/12\/Asset-5.png","type":"image\/png"}],"twitter_card":"summary_large_image","twitter_misc":{"Tiempo de lectura":"2 minutos"},"schema":{"@context":"https:\/\/schema.org","@graph":[{"@type":"WebPage","@id":"https:\/\/puffdragon.gr\/oroi-proypotheseis\/","url":"https:\/\/puffdragon.gr\/oroi-proypotheseis\/","name":"\u038c\u03c1\u03bf\u03b9 & \u03c0\u03c1\u03bf\u03cb\u03c0\u03bf\u03b8\u03ad\u03c3\u03b5\u03b9\u03c2 - Puff Dragon","isPartOf":{"@id":"https:\/\/puffdragon.gr\/#website"},"datePublished":"2020-09-27T15:07:34+00:00","dateModified":"2024-12-22T14:41:43+00:00","breadcrumb":{"@id":"https:\/\/puffdragon.gr\/oroi-proypotheseis\/#breadcrumb"},"inLanguage":"es","potentialAction":[{"@type":"ReadAction","target":["https:\/\/puffdragon.gr\/oroi-proypotheseis\/"]}]},{"@type":"BreadcrumbList","@id":"https:\/\/puffdragon.gr\/oroi-proypotheseis\/#breadcrumb","itemListElement":[{"@type":"ListItem","position":1,"name":"\u0391\u03c1\u03c7\u03b9\u03ba\u03ae","item":"https:\/\/puffdragon.gr\/"},{"@type":"ListItem","position":2,"name":"\u038c\u03c1\u03bf\u03b9 &#038; \u03c0\u03c1\u03bf\u03cb\u03c0\u03bf\u03b8\u03ad\u03c3\u03b5\u03b9\u03c2"}]},{"@type":"WebSite","@id":"https:\/\/puffdragon.gr\/#website","url":"https:\/\/puffdragon.gr\/","name":"Puff Dragon","description":"","publisher":{"@id":"https:\/\/puffdragon.gr\/#organization"},"potentialAction":[{"@type":"SearchAction","target":{"@type":"EntryPoint","urlTemplate":"https:\/\/puffdragon.gr\/?s={search_term_string}"},"query-input":{"@type":"PropertyValueSpecification","valueRequired":true,"valueName":"search_term_string"}}],"inLanguage":"es"},{"@type":"Organization","@id":"https:\/\/puffdragon.gr\/#organization","name":"Puff Dragon","url":"https:\/\/puffdragon.gr\/","logo":{"@type":"ImageObject","inLanguage":"es","@id":"https:\/\/puffdragon.gr\/#\/schema\/logo\/image\/","url":"https:\/\/puffdragon.gr\/wp-content\/uploads\/2021\/05\/logo-2.svg","contentUrl":"https:\/\/puffdragon.gr\/wp-content\/uploads\/2021\/05\/logo-2.svg","width":136,"height":40,"caption":"Puff Dragon"},"image":{"@id":"https:\/\/puffdragon.gr\/#\/schema\/logo\/image\/"}}]}},"_links":{"self":[{"href":"https:\/\/puffdragon.gr\/es\/wp-json\/wp\/v2\/pages\/2385","targetHints":{"allow":["GET"]}}],"collection":[{"href":"https:\/\/puffdragon.gr\/es\/wp-json\/wp\/v2\/pages"}],"about":[{"href":"https:\/\/puffdragon.gr\/es\/wp-json\/wp\/v2\/types\/page"}],"author":[{"embeddable":true,"href":"https:\/\/puffdragon.gr\/es\/wp-json\/wp\/v2\/users\/1"}],"replies":[{"embeddable":true,"href":"https:\/\/puffdragon.gr\/es\/wp-json\/wp\/v2\/comments?post=2385"}],"version-history":[{"count":16,"href":"https:\/\/puffdragon.gr\/es\/wp-json\/wp\/v2\/pages\/2385\/revisions"}],"predecessor-version":[{"id":9223,"href":"https:\/\/puffdragon.gr\/es\/wp-json\/wp\/v2\/pages\/2385\/revisions\/9223"}],"wp:attachment":[{"href":"https:\/\/puffdragon.gr\/es\/wp-json\/wp\/v2\/media?parent=2385"}],"curies":[{"name":"wp","href":"https:\/\/api.w.org\/{rel}","templated":true}]}}