{"id":3,"date":"2024-08-12T20:17:06","date_gmt":"2024-08-12T20:17:06","guid":{"rendered":"https:\/\/puffdragon.gr\/?page_id=3"},"modified":"2024-12-21T22:54:25","modified_gmt":"2024-12-21T20:54:25","slug":"privacy-policy","status":"publish","type":"page","link":"https:\/\/puffdragon.gr\/de\/privacy-policy\/","title":{"rendered":"Datenschutzrichtlinie"},"content":{"rendered":"<div data-elementor-type=\"wp-page\" data-elementor-id=\"3\" class=\"elementor elementor-3\" data-elementor-post-type=\"page\">\n\t\t\t\t\t\t<section class=\"elementor-section elementor-top-section elementor-element elementor-element-6bb8fa6 elementor-section-boxed elementor-section-height-default elementor-section-height-default\" data-id=\"6bb8fa6\" data-element_type=\"section\">\n\t\t\t\t\t\t<div class=\"elementor-container elementor-column-gap-default\">\n\t\t\t\t\t<div class=\"elementor-column elementor-col-100 elementor-top-column elementor-element elementor-element-0f1d36a\" data-id=\"0f1d36a\" data-element_type=\"column\">\n\t\t\t<div class=\"elementor-widget-wrap elementor-element-populated\">\n\t\t\t\t\t\t<div class=\"elementor-element elementor-element-c4747f1 elementor-widget elementor-widget-text-editor\" data-id=\"c4747f1\" data-element_type=\"widget\" data-widget_type=\"text-editor.default\">\n\t\t\t\t<div class=\"elementor-widget-container\">\n\t\t\t\t\t\t\t\t\t<p>Wir verwenden Cookies auf unserer Website, um Sitzungen zu verwalten, personalisierte Webseiten bereitzustellen und Werbung und andere Inhalte an Ihre besonderen Bed\u00fcrfnisse und Interessen anzupassen.<\/p>\n<p>Cookies k\u00f6nnen auch verwendet werden, um anonyme, aggregierte Statistiken zu erstellen, die es uns erm\u00f6glichen, zu verstehen, wie die \u00d6ffentlichkeit unsere Website nutzt, und uns dabei helfen, deren Struktur und Inhalt zu verbessern. Wir k\u00f6nnen Ihre pers\u00f6nliche Identit\u00e4t anhand dieser Informationen nicht \u00fcberpr\u00fcfen.<\/p>\n<p>Sie k\u00f6nnen Ihre Browsereinstellungen \u00e4ndern, um einige oder alle Cookies abzulehnen. Sie sollten wissen, dass einige Funktionen nur durch die Verwendung von Cookies verf\u00fcgbar sind. Wenn Sie sich daf\u00fcr entscheiden, Cookies abzulehnen, sind diese Funktionen m\u00f6glicherweise nicht verf\u00fcgbar.<\/p>\n<p><strong>Absolut notwendige Cookies<\/strong><br \/>Unbedingt erforderliche Cookies sind f\u00fcr das ordnungsgem\u00e4\u00dfe Funktionieren der Website unerl\u00e4sslich. Sie erm\u00f6glichen Ihnen das Durchsuchen und die Nutzung ihrer Funktionen, z. B. den Zugriff auf sichere Bereiche oder die Verwendung des Warenkorbs. Diese Cookies erkennen Ihre individuelle Identit\u00e4t nicht. Ohne diese Cookies k\u00f6nnen wir den effizienten Betrieb unserer Website nicht anbieten.<\/p>\n<p><strong>Leistungscookies<\/strong><br \/>Diese Cookies sammeln Informationen dar\u00fcber, wie Besucher die Website nutzen, beispielsweise welche Seiten sie am h\u00e4ufigsten besuchen und ob sie Fehlermeldungen von Websites erhalten.<\/p>\n<p><strong>Diese Cookies sammeln<\/strong> aggregierte, anonyme Informationen, die keinen Besucher identifizieren. Sie dienen ausschlie\u00dflich dazu, die Leistung einer Website zu verbessern.<\/p>\n<p>Funktionalit\u00e4ts-Cookies<br \/>Mithilfe dieser Cookies kann sich die Website Benutzerauswahlen wie Benutzername, Sprache oder Region merken, um verbesserte und personalisierte Funktionen bereitzustellen.<\/p>\n<p>Sie k\u00f6nnen auch zur Bereitstellung von vom Benutzer gew\u00fcnschten Diensten verwendet werden, beispielsweise zum Ansehen von Videos oder zur Nutzung sozialer Medien. Die von diesen Cookies gesammelten Informationen k\u00f6nnen anonymisiert werden und die Surfaktivit\u00e4ten auf anderen Websites nicht verfolgen. Wenn Sie diese Cookies nicht akzeptieren, kann die Leistung und Funktionalit\u00e4t der Website beeintr\u00e4chtigt sein und Ihr Zugriff auf deren Inhalte kann eingeschr\u00e4nkt sein.<\/p>\n<p><strong>Targeting-Cookies<\/strong><br \/>Diese Cookies werden verwendet, um Inhalte bereitzustellen, die f\u00fcr Sie und Ihre Interessen relevanter sind. Sie k\u00f6nnen verwendet werden, um gezielte Werbung\/Angebote zu versenden, Anzeigenimpressionen zu begrenzen oder die Wirksamkeit einer Werbekampagne zu messen.<\/p>\n<p>Mithilfe dieser Cookies k\u00f6nnen wir uns die von Ihnen besuchten Websites merken, um festzustellen, welche Online-Marketingkan\u00e4le am effektivsten sind, und um externe Websites und Partner zu belohnen, die Sie an uns weitergeleitet haben.<\/p>\n<p><strong>Pers\u00f6nliche Daten<\/strong><br \/>Unser Unternehmen erhebt bei den \u00fcber den Online-Shop get\u00e4tigten Transaktionen personenbezogene Daten wie Name, Adresse, Telefonnummer und E-Mail-Adresse, die f\u00fcr den Abschluss der Transaktion und den Versand der Bestellung erforderlich sind.<\/p>\n<p>Der Website-Benutzer wird dar\u00fcber informiert und stimmt der Bereitstellung dieser personenbezogenen Daten gem\u00e4\u00df der Richtlinie der Europ\u00e4ischen Union zum Schutz personenbezogener Daten (DSGVO) zu. Die Daten werden auch zu statistischen Zwecken erhoben, das Unternehmen gibt die personenbezogenen Daten jedoch nicht an Dritte weiter, mit Ausnahme der Beh\u00f6rden des Landes (Griechenland) oder der Institutionen der Europ\u00e4ischen Union im Falle einer institutionellen Kontrolle.<\/p>\n<p>Jeder Benutzer der Website hat das Recht, die L\u00f6schung seiner personenbezogenen Daten aus der Datenbank der Website zu verlangen, und das Unternehmen wird die sofortige L\u00f6schung personenbezogener Daten veranlassen, mit Ausnahme derjenigen, die mit der Steuerpflicht in Zusammenhang stehen und den Steuergesetzen des Staates unterliegen oder die Europ\u00e4ische Union. Das Unternehmen verlangt und erhebt keine sensiblen personenbezogenen Daten.<\/p>\n<p>Dar\u00fcber hinaus verf\u00fcgt die Website, auf der sich unser Online-Shop befindet, \u00fcber ein SSL-Sicherheitsprotokoll, wie es von den staatlichen Beh\u00f6rden und auch von der Verordnung zum Schutz personenbezogener Daten (DSGVO) der Europ\u00e4ischen Union gefordert wird.<\/p>\t\t\t\t\t\t\t\t<\/div>\n\t\t\t\t<\/div>\n\t\t\t\t\t<\/div>\n\t\t<\/div>\n\t\t\t\t\t<\/div>\n\t\t<\/section>\n\t\t\t\t<\/div>","protected":false},"excerpt":{"rendered":"<p>\u03a7\u03c1\u03b7\u03c3\u03b9\u03bc\u03bf\u03c0\u03bf\u03b9\u03bf\u03cd\u03bc\u03b5 cookies \u03c3\u03c4\u03bf\u03bd \u03b9\u03c3\u03c4\u03cc\u03c4\u03bf\u03c0\u03cc \u03bc\u03b1\u03c2 \u03b3\u03b9\u03b1 \u03c4\u03b7 \u03b4\u03b9\u03b1\u03c7\u03b5\u03af\u03c1\u03b7\u03c3\u03b7 \u03c4\u03c9\u03bd \u03c0\u03b5\u03c1\u03b9\u03cc\u03b4\u03c9\u03bd \u03c3\u03cd\u03bd\u03b4\u03b5\u03c3\u03b7\u03c2, \u03b3\u03b9\u03b1 \u03c4\u03b7\u03bd \u03c0\u03b1\u03c1\u03bf\u03c7\u03ae \u03b5\u03be\u03b1\u03c4\u03bf\u03bc\u03b9\u03ba\u03b5\u03c5\u03bc\u03ad\u03bd\u03c9\u03bd \u03b9\u03c3\u03c4\u03bf\u03c3\u03b5\u03bb\u03af\u03b4\u03c9\u03bd \u03ba\u03b1\u03b9 \u03b3\u03b9\u03b1 \u03c4\u03b7\u03bd \u03c0\u03c1\u03bf\u03c3\u03b1\u03c1\u03bc\u03bf\u03b3\u03ae \u03b4\u03b9\u03b1\u03c6\u03b7\u03bc\u03b9\u03c3\u03c4\u03b9\u03ba\u03bf\u03cd \u03ba\u03b1\u03b9 \u03ac\u03bb\u03bb\u03bf\u03c5 \u03c0\u03b5\u03c1\u03b9\u03b5\u03c7\u03bf\u03bc\u03ad\u03bd\u03bf\u03c5 \u03ce\u03c3\u03c4\u03b5 \u03bd\u03b1 \u03b1\u03bd\u03c4\u03b9\u03ba\u03b1\u03c4\u03bf\u03c0\u03c4\u03c1\u03af\u03b6\u03b5\u03b9 \u03c4\u03b9\u03c2 \u03b9\u03b4\u03b9\u03b1\u03af\u03c4\u03b5\u03c1\u03b5\u03c2 \u03b1\u03bd\u03ac\u03b3\u03ba\u03b5\u03c2 \u03ba\u03b1\u03b9 \u03c4\u03b1 \u03b5\u03bd\u03b4\u03b9\u03b1\u03c6\u03ad\u03c1\u03bf\u03bd\u03c4\u03ac \u03c3\u03b1\u03c2. \u0395\u03c0\u03af\u03c3\u03b7\u03c2 \u03c4\u03b1 cookies \u03bc\u03c0\u03bf\u03c1\u03bf\u03cd\u03bd \u03bd\u03b1 \u03c7\u03c1\u03b7\u03c3\u03b9\u03bc\u03bf\u03c0\u03bf\u03b9\u03b7\u03b8\u03bf\u03cd\u03bd \u03b3\u03b9\u03b1 \u03bd\u03b1 \u03c3\u03c5\u03bd\u03c4\u03ac\u03be\u03bf\u03c5\u03bc\u03b5 \u03b1\u03bd\u03ce\u03bd\u03c5\u03bc\u03b5\u03c2, \u03b1\u03b8\u03c1\u03bf\u03b9\u03c3\u03c4\u03b9\u03ba\u03ad\u03c2 \u03c3\u03c4\u03b1\u03c4\u03b9\u03c3\u03c4\u03b9\u03ba\u03ad\u03c2 \u03c0\u03bf\u03c5 \u03bc\u03b1\u03c2 \u03b5\u03c0\u03b9\u03c4\u03c1\u03ad\u03c0\u03bf\u03c5\u03bd \u03bd\u03b1 \u03b1\u03bd\u03c4\u03b9\u03bb\u03b7\u03c6\u03b8\u03bf\u03cd\u03bc\u03b5 \u03c0\u03c9\u03c2 \u03c4\u03bf \u03ba\u03bf\u03b9\u03bd\u03cc \u03c7\u03c1\u03b7\u03c3\u03b9\u03bc\u03bf\u03c0\u03bf\u03b9\u03b5\u03af [&hellip;]<\/p>","protected":false},"author":1,"featured_media":0,"parent":0,"menu_order":0,"comment_status":"closed","ping_status":"open","template":"","meta":{"footnotes":""},"class_list":["post-3","page","type-page","status-publish","hentry"],"yoast_head":"<!-- This site is optimized with the Yoast SEO plugin v27.4 - https:\/\/yoast.com\/product\/yoast-seo-wordpress\/ -->\n<title>\u03a0\u03bf\u03bb\u03b9\u03c4\u03b9\u03ba\u03ae \u03b1\u03c0\u03bf\u03c1\u03c1\u03ae\u03c4\u03bf\u03c5 - Puff Dragon<\/title>\n<meta name=\"robots\" content=\"index, follow, max-snippet:-1, max-image-preview:large, max-video-preview:-1\" \/>\n<link rel=\"canonical\" href=\"https:\/\/puffdragon.gr\/de\/privacy-policy\/\" \/>\n<meta property=\"og:locale\" content=\"de_DE\" \/>\n<meta property=\"og:type\" content=\"article\" \/>\n<meta property=\"og:title\" content=\"\u03a0\u03bf\u03bb\u03b9\u03c4\u03b9\u03ba\u03ae \u03b1\u03c0\u03bf\u03c1\u03c1\u03ae\u03c4\u03bf\u03c5 - Puff Dragon\" \/>\n<meta property=\"og:description\" content=\"\u03a7\u03c1\u03b7\u03c3\u03b9\u03bc\u03bf\u03c0\u03bf\u03b9\u03bf\u03cd\u03bc\u03b5 cookies \u03c3\u03c4\u03bf\u03bd \u03b9\u03c3\u03c4\u03cc\u03c4\u03bf\u03c0\u03cc \u03bc\u03b1\u03c2 \u03b3\u03b9\u03b1 \u03c4\u03b7 \u03b4\u03b9\u03b1\u03c7\u03b5\u03af\u03c1\u03b7\u03c3\u03b7 \u03c4\u03c9\u03bd \u03c0\u03b5\u03c1\u03b9\u03cc\u03b4\u03c9\u03bd \u03c3\u03cd\u03bd\u03b4\u03b5\u03c3\u03b7\u03c2, \u03b3\u03b9\u03b1 \u03c4\u03b7\u03bd \u03c0\u03b1\u03c1\u03bf\u03c7\u03ae \u03b5\u03be\u03b1\u03c4\u03bf\u03bc\u03b9\u03ba\u03b5\u03c5\u03bc\u03ad\u03bd\u03c9\u03bd \u03b9\u03c3\u03c4\u03bf\u03c3\u03b5\u03bb\u03af\u03b4\u03c9\u03bd \u03ba\u03b1\u03b9 \u03b3\u03b9\u03b1 \u03c4\u03b7\u03bd \u03c0\u03c1\u03bf\u03c3\u03b1\u03c1\u03bc\u03bf\u03b3\u03ae \u03b4\u03b9\u03b1\u03c6\u03b7\u03bc\u03b9\u03c3\u03c4\u03b9\u03ba\u03bf\u03cd \u03ba\u03b1\u03b9 \u03ac\u03bb\u03bb\u03bf\u03c5 \u03c0\u03b5\u03c1\u03b9\u03b5\u03c7\u03bf\u03bc\u03ad\u03bd\u03bf\u03c5 \u03ce\u03c3\u03c4\u03b5 \u03bd\u03b1 \u03b1\u03bd\u03c4\u03b9\u03ba\u03b1\u03c4\u03bf\u03c0\u03c4\u03c1\u03af\u03b6\u03b5\u03b9 \u03c4\u03b9\u03c2 \u03b9\u03b4\u03b9\u03b1\u03af\u03c4\u03b5\u03c1\u03b5\u03c2 \u03b1\u03bd\u03ac\u03b3\u03ba\u03b5\u03c2 \u03ba\u03b1\u03b9 \u03c4\u03b1 \u03b5\u03bd\u03b4\u03b9\u03b1\u03c6\u03ad\u03c1\u03bf\u03bd\u03c4\u03ac \u03c3\u03b1\u03c2. \u0395\u03c0\u03af\u03c3\u03b7\u03c2 \u03c4\u03b1 cookies \u03bc\u03c0\u03bf\u03c1\u03bf\u03cd\u03bd \u03bd\u03b1 \u03c7\u03c1\u03b7\u03c3\u03b9\u03bc\u03bf\u03c0\u03bf\u03b9\u03b7\u03b8\u03bf\u03cd\u03bd \u03b3\u03b9\u03b1 \u03bd\u03b1 \u03c3\u03c5\u03bd\u03c4\u03ac\u03be\u03bf\u03c5\u03bc\u03b5 \u03b1\u03bd\u03ce\u03bd\u03c5\u03bc\u03b5\u03c2, \u03b1\u03b8\u03c1\u03bf\u03b9\u03c3\u03c4\u03b9\u03ba\u03ad\u03c2 \u03c3\u03c4\u03b1\u03c4\u03b9\u03c3\u03c4\u03b9\u03ba\u03ad\u03c2 \u03c0\u03bf\u03c5 \u03bc\u03b1\u03c2 \u03b5\u03c0\u03b9\u03c4\u03c1\u03ad\u03c0\u03bf\u03c5\u03bd \u03bd\u03b1 \u03b1\u03bd\u03c4\u03b9\u03bb\u03b7\u03c6\u03b8\u03bf\u03cd\u03bc\u03b5 \u03c0\u03c9\u03c2 \u03c4\u03bf \u03ba\u03bf\u03b9\u03bd\u03cc \u03c7\u03c1\u03b7\u03c3\u03b9\u03bc\u03bf\u03c0\u03bf\u03b9\u03b5\u03af [&hellip;]\" \/>\n<meta property=\"og:url\" content=\"https:\/\/puffdragon.gr\/de\/privacy-policy\/\" \/>\n<meta property=\"og:site_name\" content=\"Puff Dragon\" \/>\n<meta property=\"article:modified_time\" content=\"2024-12-21T20:54:25+00:00\" \/>\n<meta property=\"og:image\" content=\"https:\/\/puffdragon.gr\/wp-content\/uploads\/2024\/12\/Asset-5.png\" \/>\n\t<meta property=\"og:image:width\" content=\"682\" \/>\n\t<meta property=\"og:image:height\" content=\"536\" \/>\n\t<meta property=\"og:image:type\" content=\"image\/png\" \/>\n<meta name=\"twitter:card\" content=\"summary_large_image\" \/>\n<meta name=\"twitter:label1\" content=\"Gesch\u00e4tzte Lesezeit\" \/>\n\t<meta name=\"twitter:data1\" content=\"4\u00a0Minuten\" \/>\n<script type=\"application\/ld+json\" class=\"yoast-schema-graph\">{\"@context\":\"https:\\\/\\\/schema.org\",\"@graph\":[{\"@type\":\"WebPage\",\"@id\":\"https:\\\/\\\/puffdragon.gr\\\/privacy-policy\\\/\",\"url\":\"https:\\\/\\\/puffdragon.gr\\\/privacy-policy\\\/\",\"name\":\"\u03a0\u03bf\u03bb\u03b9\u03c4\u03b9\u03ba\u03ae \u03b1\u03c0\u03bf\u03c1\u03c1\u03ae\u03c4\u03bf\u03c5 - Puff Dragon\",\"isPartOf\":{\"@id\":\"https:\\\/\\\/puffdragon.gr\\\/#website\"},\"datePublished\":\"2024-08-12T20:17:06+00:00\",\"dateModified\":\"2024-12-21T20:54:25+00:00\",\"breadcrumb\":{\"@id\":\"https:\\\/\\\/puffdragon.gr\\\/privacy-policy\\\/#breadcrumb\"},\"inLanguage\":\"de\",\"potentialAction\":[{\"@type\":\"ReadAction\",\"target\":[\"https:\\\/\\\/puffdragon.gr\\\/privacy-policy\\\/\"]}]},{\"@type\":\"BreadcrumbList\",\"@id\":\"https:\\\/\\\/puffdragon.gr\\\/privacy-policy\\\/#breadcrumb\",\"itemListElement\":[{\"@type\":\"ListItem\",\"position\":1,\"name\":\"\u0391\u03c1\u03c7\u03b9\u03ba\u03ae\",\"item\":\"https:\\\/\\\/puffdragon.gr\\\/\"},{\"@type\":\"ListItem\",\"position\":2,\"name\":\"\u03a0\u03bf\u03bb\u03b9\u03c4\u03b9\u03ba\u03ae \u03b1\u03c0\u03bf\u03c1\u03c1\u03ae\u03c4\u03bf\u03c5\"}]},{\"@type\":\"WebSite\",\"@id\":\"https:\\\/\\\/puffdragon.gr\\\/#website\",\"url\":\"https:\\\/\\\/puffdragon.gr\\\/\",\"name\":\"Puff Dragon\",\"description\":\"\",\"publisher\":{\"@id\":\"https:\\\/\\\/puffdragon.gr\\\/#organization\"},\"potentialAction\":[{\"@type\":\"SearchAction\",\"target\":{\"@type\":\"EntryPoint\",\"urlTemplate\":\"https:\\\/\\\/puffdragon.gr\\\/?s={search_term_string}\"},\"query-input\":{\"@type\":\"PropertyValueSpecification\",\"valueRequired\":true,\"valueName\":\"search_term_string\"}}],\"inLanguage\":\"de\"},{\"@type\":\"Organization\",\"@id\":\"https:\\\/\\\/puffdragon.gr\\\/#organization\",\"name\":\"Puff Dragon\",\"url\":\"https:\\\/\\\/puffdragon.gr\\\/\",\"logo\":{\"@type\":\"ImageObject\",\"inLanguage\":\"de\",\"@id\":\"https:\\\/\\\/puffdragon.gr\\\/#\\\/schema\\\/logo\\\/image\\\/\",\"url\":\"https:\\\/\\\/puffdragon.gr\\\/wp-content\\\/uploads\\\/2021\\\/05\\\/logo-2.svg\",\"contentUrl\":\"https:\\\/\\\/puffdragon.gr\\\/wp-content\\\/uploads\\\/2021\\\/05\\\/logo-2.svg\",\"width\":136,\"height\":40,\"caption\":\"Puff Dragon\"},\"image\":{\"@id\":\"https:\\\/\\\/puffdragon.gr\\\/#\\\/schema\\\/logo\\\/image\\\/\"}}]}<\/script>\n<!-- \/ Yoast SEO plugin. -->","yoast_head_json":{"title":"\u03a0\u03bf\u03bb\u03b9\u03c4\u03b9\u03ba\u03ae \u03b1\u03c0\u03bf\u03c1\u03c1\u03ae\u03c4\u03bf\u03c5 - Puff Dragon","robots":{"index":"index","follow":"follow","max-snippet":"max-snippet:-1","max-image-preview":"max-image-preview:large","max-video-preview":"max-video-preview:-1"},"canonical":"https:\/\/puffdragon.gr\/de\/privacy-policy\/","og_locale":"de_DE","og_type":"article","og_title":"\u03a0\u03bf\u03bb\u03b9\u03c4\u03b9\u03ba\u03ae \u03b1\u03c0\u03bf\u03c1\u03c1\u03ae\u03c4\u03bf\u03c5 - Puff Dragon","og_description":"\u03a7\u03c1\u03b7\u03c3\u03b9\u03bc\u03bf\u03c0\u03bf\u03b9\u03bf\u03cd\u03bc\u03b5 cookies \u03c3\u03c4\u03bf\u03bd \u03b9\u03c3\u03c4\u03cc\u03c4\u03bf\u03c0\u03cc \u03bc\u03b1\u03c2 \u03b3\u03b9\u03b1 \u03c4\u03b7 \u03b4\u03b9\u03b1\u03c7\u03b5\u03af\u03c1\u03b7\u03c3\u03b7 \u03c4\u03c9\u03bd \u03c0\u03b5\u03c1\u03b9\u03cc\u03b4\u03c9\u03bd \u03c3\u03cd\u03bd\u03b4\u03b5\u03c3\u03b7\u03c2, \u03b3\u03b9\u03b1 \u03c4\u03b7\u03bd \u03c0\u03b1\u03c1\u03bf\u03c7\u03ae \u03b5\u03be\u03b1\u03c4\u03bf\u03bc\u03b9\u03ba\u03b5\u03c5\u03bc\u03ad\u03bd\u03c9\u03bd \u03b9\u03c3\u03c4\u03bf\u03c3\u03b5\u03bb\u03af\u03b4\u03c9\u03bd \u03ba\u03b1\u03b9 \u03b3\u03b9\u03b1 \u03c4\u03b7\u03bd \u03c0\u03c1\u03bf\u03c3\u03b1\u03c1\u03bc\u03bf\u03b3\u03ae \u03b4\u03b9\u03b1\u03c6\u03b7\u03bc\u03b9\u03c3\u03c4\u03b9\u03ba\u03bf\u03cd \u03ba\u03b1\u03b9 \u03ac\u03bb\u03bb\u03bf\u03c5 \u03c0\u03b5\u03c1\u03b9\u03b5\u03c7\u03bf\u03bc\u03ad\u03bd\u03bf\u03c5 \u03ce\u03c3\u03c4\u03b5 \u03bd\u03b1 \u03b1\u03bd\u03c4\u03b9\u03ba\u03b1\u03c4\u03bf\u03c0\u03c4\u03c1\u03af\u03b6\u03b5\u03b9 \u03c4\u03b9\u03c2 \u03b9\u03b4\u03b9\u03b1\u03af\u03c4\u03b5\u03c1\u03b5\u03c2 \u03b1\u03bd\u03ac\u03b3\u03ba\u03b5\u03c2 \u03ba\u03b1\u03b9 \u03c4\u03b1 \u03b5\u03bd\u03b4\u03b9\u03b1\u03c6\u03ad\u03c1\u03bf\u03bd\u03c4\u03ac \u03c3\u03b1\u03c2. \u0395\u03c0\u03af\u03c3\u03b7\u03c2 \u03c4\u03b1 cookies \u03bc\u03c0\u03bf\u03c1\u03bf\u03cd\u03bd \u03bd\u03b1 \u03c7\u03c1\u03b7\u03c3\u03b9\u03bc\u03bf\u03c0\u03bf\u03b9\u03b7\u03b8\u03bf\u03cd\u03bd \u03b3\u03b9\u03b1 \u03bd\u03b1 \u03c3\u03c5\u03bd\u03c4\u03ac\u03be\u03bf\u03c5\u03bc\u03b5 \u03b1\u03bd\u03ce\u03bd\u03c5\u03bc\u03b5\u03c2, \u03b1\u03b8\u03c1\u03bf\u03b9\u03c3\u03c4\u03b9\u03ba\u03ad\u03c2 \u03c3\u03c4\u03b1\u03c4\u03b9\u03c3\u03c4\u03b9\u03ba\u03ad\u03c2 \u03c0\u03bf\u03c5 \u03bc\u03b1\u03c2 \u03b5\u03c0\u03b9\u03c4\u03c1\u03ad\u03c0\u03bf\u03c5\u03bd \u03bd\u03b1 \u03b1\u03bd\u03c4\u03b9\u03bb\u03b7\u03c6\u03b8\u03bf\u03cd\u03bc\u03b5 \u03c0\u03c9\u03c2 \u03c4\u03bf \u03ba\u03bf\u03b9\u03bd\u03cc \u03c7\u03c1\u03b7\u03c3\u03b9\u03bc\u03bf\u03c0\u03bf\u03b9\u03b5\u03af [&hellip;]","og_url":"https:\/\/puffdragon.gr\/de\/privacy-policy\/","og_site_name":"Puff Dragon","article_modified_time":"2024-12-21T20:54:25+00:00","og_image":[{"width":682,"height":536,"url":"https:\/\/puffdragon.gr\/wp-content\/uploads\/2024\/12\/Asset-5.png","type":"image\/png"}],"twitter_card":"summary_large_image","twitter_misc":{"Gesch\u00e4tzte Lesezeit":"4\u00a0Minuten"},"schema":{"@context":"https:\/\/schema.org","@graph":[{"@type":"WebPage","@id":"https:\/\/puffdragon.gr\/privacy-policy\/","url":"https:\/\/puffdragon.gr\/privacy-policy\/","name":"\u03a0\u03bf\u03bb\u03b9\u03c4\u03b9\u03ba\u03ae \u03b1\u03c0\u03bf\u03c1\u03c1\u03ae\u03c4\u03bf\u03c5 - Puff Dragon","isPartOf":{"@id":"https:\/\/puffdragon.gr\/#website"},"datePublished":"2024-08-12T20:17:06+00:00","dateModified":"2024-12-21T20:54:25+00:00","breadcrumb":{"@id":"https:\/\/puffdragon.gr\/privacy-policy\/#breadcrumb"},"inLanguage":"de","potentialAction":[{"@type":"ReadAction","target":["https:\/\/puffdragon.gr\/privacy-policy\/"]}]},{"@type":"BreadcrumbList","@id":"https:\/\/puffdragon.gr\/privacy-policy\/#breadcrumb","itemListElement":[{"@type":"ListItem","position":1,"name":"\u0391\u03c1\u03c7\u03b9\u03ba\u03ae","item":"https:\/\/puffdragon.gr\/"},{"@type":"ListItem","position":2,"name":"\u03a0\u03bf\u03bb\u03b9\u03c4\u03b9\u03ba\u03ae \u03b1\u03c0\u03bf\u03c1\u03c1\u03ae\u03c4\u03bf\u03c5"}]},{"@type":"WebSite","@id":"https:\/\/puffdragon.gr\/#website","url":"https:\/\/puffdragon.gr\/","name":"Puff Dragon","description":"","publisher":{"@id":"https:\/\/puffdragon.gr\/#organization"},"potentialAction":[{"@type":"SearchAction","target":{"@type":"EntryPoint","urlTemplate":"https:\/\/puffdragon.gr\/?s={search_term_string}"},"query-input":{"@type":"PropertyValueSpecification","valueRequired":true,"valueName":"search_term_string"}}],"inLanguage":"de"},{"@type":"Organization","@id":"https:\/\/puffdragon.gr\/#organization","name":"Puff Dragon","url":"https:\/\/puffdragon.gr\/","logo":{"@type":"ImageObject","inLanguage":"de","@id":"https:\/\/puffdragon.gr\/#\/schema\/logo\/image\/","url":"https:\/\/puffdragon.gr\/wp-content\/uploads\/2021\/05\/logo-2.svg","contentUrl":"https:\/\/puffdragon.gr\/wp-content\/uploads\/2021\/05\/logo-2.svg","width":136,"height":40,"caption":"Puff Dragon"},"image":{"@id":"https:\/\/puffdragon.gr\/#\/schema\/logo\/image\/"}}]}},"_links":{"self":[{"href":"https:\/\/puffdragon.gr\/de\/wp-json\/wp\/v2\/pages\/3","targetHints":{"allow":["GET"]}}],"collection":[{"href":"https:\/\/puffdragon.gr\/de\/wp-json\/wp\/v2\/pages"}],"about":[{"href":"https:\/\/puffdragon.gr\/de\/wp-json\/wp\/v2\/types\/page"}],"author":[{"embeddable":true,"href":"https:\/\/puffdragon.gr\/de\/wp-json\/wp\/v2\/users\/1"}],"replies":[{"embeddable":true,"href":"https:\/\/puffdragon.gr\/de\/wp-json\/wp\/v2\/comments?post=3"}],"version-history":[{"count":9,"href":"https:\/\/puffdragon.gr\/de\/wp-json\/wp\/v2\/pages\/3\/revisions"}],"predecessor-version":[{"id":9207,"href":"https:\/\/puffdragon.gr\/de\/wp-json\/wp\/v2\/pages\/3\/revisions\/9207"}],"wp:attachment":[{"href":"https:\/\/puffdragon.gr\/de\/wp-json\/wp\/v2\/media?parent=3"}],"curies":[{"name":"wp","href":"https:\/\/api.w.org\/{rel}","templated":true}]}}