{"id":2385,"date":"2020-09-27T15:07:34","date_gmt":"2020-09-27T15:07:34","guid":{"rendered":"https:\/\/the7.io\/elementor-agency\/?page_id=2385"},"modified":"2024-12-22T16:41:43","modified_gmt":"2024-12-22T14:41:43","slug":"oroi-proypotheseis","status":"publish","type":"page","link":"https:\/\/puffdragon.gr\/de\/oroi-proypotheseis\/","title":{"rendered":"Allgemeine Gesch\u00e4ftsbedingungen"},"content":{"rendered":"<div data-elementor-type=\"wp-page\" data-elementor-id=\"2385\" class=\"elementor elementor-2385\" data-elementor-post-type=\"page\">\n\t\t\t\t\t\t<section class=\"elementor-section elementor-top-section elementor-element elementor-element-0f4a400 elementor-section-boxed elementor-section-height-default elementor-section-height-default\" data-id=\"0f4a400\" data-element_type=\"section\">\n\t\t\t\t\t\t<div class=\"elementor-container elementor-column-gap-wider\">\n\t\t\t\t\t<div class=\"elementor-column elementor-col-100 elementor-top-column elementor-element elementor-element-b0c11ed\" data-id=\"b0c11ed\" data-element_type=\"column\">\n\t\t\t<div class=\"elementor-widget-wrap elementor-element-populated\">\n\t\t\t\t\t\t<div class=\"elementor-element elementor-element-b092721 elementor-widget elementor-widget-text-editor\" data-id=\"b092721\" data-element_type=\"widget\" data-widget_type=\"text-editor.default\">\n\t\t\t\t<div class=\"elementor-widget-container\">\n\t\t\t\t\t\t\t\t\t<p><span style=\"color: #ffffff;\"><span style=\"font-family: Metropolitano, sans-serif;\"><span style=\"font-size: medium;\"><b>Copyright<\/b><\/span><\/span><\/span><\/p>\n<p><span style=\"color: #ffffff;\"><span style=\"font-family: Metropolitano, sans-serif;\"><span style=\"font-size: medium;\">Alle geistigen Eigentumsrechte dieser Website geh\u00f6ren der Firma puffdragon.gr oder Dritten, an denen sie rechtlich beteiligt sind. Durch den Zugriff auf diese Website erkl\u00e4ren Sie sich mit den oben genannten Urheberrechtsgesetzen einverstanden. Das Tpuffdragon.gr-Logo sowie alle anderen Logos auf der Website sind Eigentum der Firma puffdragon.gr<br>Auf dieser Website erw\u00e4hnte Produkt- und Firmennamen k\u00f6nnen Marken oder Handelsnamen ihrer jeweiligen Eigent\u00fcmer sein. Ihr Zugriff auf diese Website sollte ohne die geringste schriftliche Zustimmung von uns oder einem Dritten nicht als Konzession, sei es als Folge, endg\u00fcltig oder anderweitig, an Bildern und Darstellungen angesehen werden, die auf dieser Website erscheinen.<\/span><\/span><\/span><\/p>\n<p><span style=\"color: #ffffff;\"><span style=\"font-family: Metropolitano, sans-serif;\"><span style=\"font-size: medium;\"><b><br>Haftungsbeschr\u00e4nkung<br><\/b>puffdragon.gr hat versucht, die angebotenen Produkte durch die Anzeige von Fotos, Beschreibungen, besonderen Kommentaren usw. so genau wie m\u00f6glich darzustellen. Diese Website kann jedoch typografische, numerische und illustrative Fehler enthalten.<br>puffdragon.gr \u00fcbernimmt keine Garantie f\u00fcr die Richtigkeit oder Vollst\u00e4ndigkeit der Abbildungen und Beschreibungen oder die Zuverl\u00e4ssigkeit von Ratschl\u00e4gen, Meinungen, Aussagen oder anderen Informationen, auf die auf dieser Website verwiesen wird oder die auf dieser Website verf\u00fcgbar sind.<\/span><\/span><\/span><\/p>\n<p><span style=\"color: #ffffff;\"><b>\u00c4nderung dieser Bedingungen<\/b><\/span><\/p>\n<p><span style=\"color: #ffffff;\"><span style=\"font-family: Metropolitano, sans-serif;\"><span style=\"font-size: medium;\">puffdragon.gr beh\u00e4lt sich das Recht vor, die Gesch\u00e4ftsbedingungen f\u00fcr Transaktionen zu \u00e4ndern oder zu erneuern und verpflichtet sich, diesen Text bei jeder \u00c4nderung oder Erg\u00e4nzung der Gesch\u00e4ftsbedingungen zu aktualisieren.<\/span><\/span><\/span><\/p>\n<p><span style=\"color: #ffffff;\"><b>Preise<\/b><\/span><\/p>\n<p><span style=\"color: #ffffff;\"><span style=\"font-family: Metropolitano, sans-serif;\"><span style=\"font-size: medium;\">Alle in unserem Online-Shop angezeigten Preise verstehen sich inklusive Mehrwertsteuer. 24%. puffdragon.gr beh\u00e4lt sich das Recht vor, die Preise anzupassen.<\/span><\/span><\/span><\/p>\n<p><span style=\"color: #ffffff;\"><b>Rechtlicher Rahmen<\/b><\/span><\/p>\n<p><span style=\"color: #ffffff;\"><span style=\"font-family: Metropolitano, sans-serif;\"><span style=\"font-size: medium;\">Alle \u00fcber die Website puffdragon.gr durchgef\u00fchrten Transaktionen unterliegen internationalem und europ\u00e4ischem Recht, das Fragen im Zusammenhang mit dem elektronischen Handel regelt (Richtlinie 2000\/31\/EG, PD 131\/2003), sowie dem Verbraucherschutzgesetz (Gesetz 2251\/1994). ), das Fragen im Zusammenhang mit dem Fernabsatz regelt.<\/span><\/span><\/span><\/p>\t\t\t\t\t\t\t\t<\/div>\n\t\t\t\t<\/div>\n\t\t\t\t\t<\/div>\n\t\t<\/div>\n\t\t\t\t\t<\/div>\n\t\t<\/section>\n\t\t\t\t<\/div>","protected":false},"excerpt":{"rendered":"<p>\u03a0\u03bd\u03b5\u03c5\u03bc\u03b1\u03c4\u03b9\u03ba\u03ae \u03b9\u03b4\u03b9\u03bf\u03ba\u03c4\u03b7\u03c3\u03af\u03b1 \u038c\u03bb\u03b1 \u03c4\u03b1 \u03b4\u03b9\u03ba\u03b1\u03b9\u03ce\u03bc\u03b1\u03c4\u03b1 \u03c0\u03bd\u03b5\u03c5\u03bc\u03b1\u03c4\u03b9\u03ba\u03ae\u03c2 \u03b9\u03b4\u03b9\u03bf\u03ba\u03c4\u03b7\u03c3\u03af\u03b1\u03c2 \u03c4\u03bf\u03c5 \u03c0\u03b1\u03c1\u03cc\u03bd\u03c4\u03bf\u03c2 \u03b9\u03c3\u03c4\u03bf\u03c4\u03cc\u03c0\u03bf\u03c5 \u03b1\u03bd\u03ae\u03ba\u03bf\u03c5\u03bd \u03c3\u03c4\u03b7\u03bd \u03b5\u03c4\u03b1\u03b9\u03c1\u03b5\u03af\u03b1 puffdragon.gr \u03ae \u03c3\u03b5 \u03c4\u03c1\u03af\u03c4\u03b1 \u03bc\u03ad\u03c1\u03b7 \u03c0\u03bf\u03c5 \u03bd\u03bf\u03bc\u03af\u03bc\u03c9\u03c2 \u03b1\u03c6\u03bf\u03c1\u03bf\u03cd\u03bd. \u0391\u03c0\u03bf\u03ba\u03c4\u03ce\u03bd\u03c4\u03b1\u03c2 \u03c0\u03c1\u03cc\u03c3\u03b2\u03b1\u03c3\u03b7 \u03c3\u03b5 \u03b1\u03c5\u03c4\u03cc\u03bd \u03c4\u03bf \u0394\u03b9\u03ba\u03c4\u03c5\u03b1\u03ba\u03cc \u03a4\u03cc\u03c0\u03bf \u03c3\u03c5\u03bc\u03c6\u03c9\u03bd\u03b5\u03af\u03c4\u03b5 \u03cc\u03c4\u03b9 \u03b1\u03c0\u03bf\u03b4\u03ad\u03c7\u03b5\u03c3\u03c4\u03b5 \u03c4\u03bf\u03c5\u03c2 \u03b1\u03bd\u03c9\u03c4\u03ad\u03c1\u03c9 \u03bd\u03cc\u03bc\u03bf\u03c5\u03c2 \u03c0\u03b5\u03c1\u03af \u03c0\u03bd\u03b5\u03c5\u03bc\u03b1\u03c4\u03b9\u03ba\u03ae\u03c2 \u03b9\u03b4\u03b9\u03bf\u03ba\u03c4\u03b7\u03c3\u03af\u03b1\u03c2. \u03a4\u03bf \u03bb\u03bf\u03b3\u03cc\u03c4\u03c5\u03c0\u03bf Tpuffdragon.gr \u03ba\u03b1\u03b8\u03ce\u03c2 \u03ba\u03b1\u03b9 \u03ba\u03ac\u03b8\u03b5 \u03ac\u03bb\u03bb\u03bf \u03bb\u03bf\u03b3\u03cc\u03c4\u03c5\u03c0\u03bf \u03b5\u03bd\u03c4\u03cc\u03c2 \u03c4\u03bf\u03c5 \u03b9\u03c3\u03c4\u03bf\u03c4\u03cc\u03c0\u03bf\u03c5 \u03b5\u03af\u03bd\u03b1\u03b9 \u03b9\u03b4\u03b9\u03bf\u03ba\u03c4\u03b7\u03c3\u03af\u03b1 \u03c4\u03b7\u03c2 \u03b5\u03c4\u03b1\u03b9\u03c1\u03b5\u03af\u03b1\u03c2 puffdragon.gr\u039f\u03b9 \u03bf\u03bd\u03bf\u03bc\u03b1\u03c3\u03af\u03b5\u03c2 \u03c0\u03c1\u03bf\u03ca\u03cc\u03bd\u03c4\u03c9\u03bd [&hellip;]<\/p>","protected":false},"author":1,"featured_media":0,"parent":0,"menu_order":910,"comment_status":"closed","ping_status":"closed","template":"","meta":{"footnotes":""},"class_list":["post-2385","page","type-page","status-publish","hentry"],"yoast_head":"<!-- This site is optimized with the Yoast SEO plugin v27.4 - https:\/\/yoast.com\/product\/yoast-seo-wordpress\/ -->\n<title>\u038c\u03c1\u03bf\u03b9 &amp; \u03c0\u03c1\u03bf\u03cb\u03c0\u03bf\u03b8\u03ad\u03c3\u03b5\u03b9\u03c2 - Puff Dragon<\/title>\n<meta name=\"robots\" content=\"index, follow, max-snippet:-1, max-image-preview:large, max-video-preview:-1\" \/>\n<link rel=\"canonical\" href=\"https:\/\/puffdragon.gr\/de\/oroi-proypotheseis\/\" \/>\n<meta property=\"og:locale\" content=\"de_DE\" \/>\n<meta property=\"og:type\" content=\"article\" \/>\n<meta property=\"og:title\" content=\"\u038c\u03c1\u03bf\u03b9 &amp; \u03c0\u03c1\u03bf\u03cb\u03c0\u03bf\u03b8\u03ad\u03c3\u03b5\u03b9\u03c2 - Puff Dragon\" \/>\n<meta property=\"og:description\" content=\"\u03a0\u03bd\u03b5\u03c5\u03bc\u03b1\u03c4\u03b9\u03ba\u03ae \u03b9\u03b4\u03b9\u03bf\u03ba\u03c4\u03b7\u03c3\u03af\u03b1 \u038c\u03bb\u03b1 \u03c4\u03b1 \u03b4\u03b9\u03ba\u03b1\u03b9\u03ce\u03bc\u03b1\u03c4\u03b1 \u03c0\u03bd\u03b5\u03c5\u03bc\u03b1\u03c4\u03b9\u03ba\u03ae\u03c2 \u03b9\u03b4\u03b9\u03bf\u03ba\u03c4\u03b7\u03c3\u03af\u03b1\u03c2 \u03c4\u03bf\u03c5 \u03c0\u03b1\u03c1\u03cc\u03bd\u03c4\u03bf\u03c2 \u03b9\u03c3\u03c4\u03bf\u03c4\u03cc\u03c0\u03bf\u03c5 \u03b1\u03bd\u03ae\u03ba\u03bf\u03c5\u03bd \u03c3\u03c4\u03b7\u03bd \u03b5\u03c4\u03b1\u03b9\u03c1\u03b5\u03af\u03b1 puffdragon.gr \u03ae \u03c3\u03b5 \u03c4\u03c1\u03af\u03c4\u03b1 \u03bc\u03ad\u03c1\u03b7 \u03c0\u03bf\u03c5 \u03bd\u03bf\u03bc\u03af\u03bc\u03c9\u03c2 \u03b1\u03c6\u03bf\u03c1\u03bf\u03cd\u03bd. \u0391\u03c0\u03bf\u03ba\u03c4\u03ce\u03bd\u03c4\u03b1\u03c2 \u03c0\u03c1\u03cc\u03c3\u03b2\u03b1\u03c3\u03b7 \u03c3\u03b5 \u03b1\u03c5\u03c4\u03cc\u03bd \u03c4\u03bf \u0394\u03b9\u03ba\u03c4\u03c5\u03b1\u03ba\u03cc \u03a4\u03cc\u03c0\u03bf \u03c3\u03c5\u03bc\u03c6\u03c9\u03bd\u03b5\u03af\u03c4\u03b5 \u03cc\u03c4\u03b9 \u03b1\u03c0\u03bf\u03b4\u03ad\u03c7\u03b5\u03c3\u03c4\u03b5 \u03c4\u03bf\u03c5\u03c2 \u03b1\u03bd\u03c9\u03c4\u03ad\u03c1\u03c9 \u03bd\u03cc\u03bc\u03bf\u03c5\u03c2 \u03c0\u03b5\u03c1\u03af \u03c0\u03bd\u03b5\u03c5\u03bc\u03b1\u03c4\u03b9\u03ba\u03ae\u03c2 \u03b9\u03b4\u03b9\u03bf\u03ba\u03c4\u03b7\u03c3\u03af\u03b1\u03c2. \u03a4\u03bf \u03bb\u03bf\u03b3\u03cc\u03c4\u03c5\u03c0\u03bf Tpuffdragon.gr \u03ba\u03b1\u03b8\u03ce\u03c2 \u03ba\u03b1\u03b9 \u03ba\u03ac\u03b8\u03b5 \u03ac\u03bb\u03bb\u03bf \u03bb\u03bf\u03b3\u03cc\u03c4\u03c5\u03c0\u03bf \u03b5\u03bd\u03c4\u03cc\u03c2 \u03c4\u03bf\u03c5 \u03b9\u03c3\u03c4\u03bf\u03c4\u03cc\u03c0\u03bf\u03c5 \u03b5\u03af\u03bd\u03b1\u03b9 \u03b9\u03b4\u03b9\u03bf\u03ba\u03c4\u03b7\u03c3\u03af\u03b1 \u03c4\u03b7\u03c2 \u03b5\u03c4\u03b1\u03b9\u03c1\u03b5\u03af\u03b1\u03c2 puffdragon.gr\u039f\u03b9 \u03bf\u03bd\u03bf\u03bc\u03b1\u03c3\u03af\u03b5\u03c2 \u03c0\u03c1\u03bf\u03ca\u03cc\u03bd\u03c4\u03c9\u03bd [&hellip;]\" \/>\n<meta property=\"og:url\" content=\"https:\/\/puffdragon.gr\/de\/oroi-proypotheseis\/\" \/>\n<meta property=\"og:site_name\" content=\"Puff Dragon\" \/>\n<meta property=\"article:modified_time\" content=\"2024-12-22T14:41:43+00:00\" \/>\n<meta property=\"og:image\" content=\"https:\/\/puffdragon.gr\/wp-content\/uploads\/2024\/12\/Asset-5.png\" \/>\n\t<meta property=\"og:image:width\" content=\"682\" \/>\n\t<meta property=\"og:image:height\" content=\"536\" \/>\n\t<meta property=\"og:image:type\" content=\"image\/png\" \/>\n<meta name=\"twitter:card\" content=\"summary_large_image\" \/>\n<meta name=\"twitter:label1\" content=\"Gesch\u00e4tzte Lesezeit\" \/>\n\t<meta name=\"twitter:data1\" content=\"2\u00a0Minuten\" \/>\n<script type=\"application\/ld+json\" class=\"yoast-schema-graph\">{\"@context\":\"https:\\\/\\\/schema.org\",\"@graph\":[{\"@type\":\"WebPage\",\"@id\":\"https:\\\/\\\/puffdragon.gr\\\/oroi-proypotheseis\\\/\",\"url\":\"https:\\\/\\\/puffdragon.gr\\\/oroi-proypotheseis\\\/\",\"name\":\"\u038c\u03c1\u03bf\u03b9 & \u03c0\u03c1\u03bf\u03cb\u03c0\u03bf\u03b8\u03ad\u03c3\u03b5\u03b9\u03c2 - Puff Dragon\",\"isPartOf\":{\"@id\":\"https:\\\/\\\/puffdragon.gr\\\/#website\"},\"datePublished\":\"2020-09-27T15:07:34+00:00\",\"dateModified\":\"2024-12-22T14:41:43+00:00\",\"breadcrumb\":{\"@id\":\"https:\\\/\\\/puffdragon.gr\\\/oroi-proypotheseis\\\/#breadcrumb\"},\"inLanguage\":\"de\",\"potentialAction\":[{\"@type\":\"ReadAction\",\"target\":[\"https:\\\/\\\/puffdragon.gr\\\/oroi-proypotheseis\\\/\"]}]},{\"@type\":\"BreadcrumbList\",\"@id\":\"https:\\\/\\\/puffdragon.gr\\\/oroi-proypotheseis\\\/#breadcrumb\",\"itemListElement\":[{\"@type\":\"ListItem\",\"position\":1,\"name\":\"\u0391\u03c1\u03c7\u03b9\u03ba\u03ae\",\"item\":\"https:\\\/\\\/puffdragon.gr\\\/\"},{\"@type\":\"ListItem\",\"position\":2,\"name\":\"\u038c\u03c1\u03bf\u03b9 &#038; \u03c0\u03c1\u03bf\u03cb\u03c0\u03bf\u03b8\u03ad\u03c3\u03b5\u03b9\u03c2\"}]},{\"@type\":\"WebSite\",\"@id\":\"https:\\\/\\\/puffdragon.gr\\\/#website\",\"url\":\"https:\\\/\\\/puffdragon.gr\\\/\",\"name\":\"Puff Dragon\",\"description\":\"\",\"publisher\":{\"@id\":\"https:\\\/\\\/puffdragon.gr\\\/#organization\"},\"potentialAction\":[{\"@type\":\"SearchAction\",\"target\":{\"@type\":\"EntryPoint\",\"urlTemplate\":\"https:\\\/\\\/puffdragon.gr\\\/?s={search_term_string}\"},\"query-input\":{\"@type\":\"PropertyValueSpecification\",\"valueRequired\":true,\"valueName\":\"search_term_string\"}}],\"inLanguage\":\"de\"},{\"@type\":\"Organization\",\"@id\":\"https:\\\/\\\/puffdragon.gr\\\/#organization\",\"name\":\"Puff Dragon\",\"url\":\"https:\\\/\\\/puffdragon.gr\\\/\",\"logo\":{\"@type\":\"ImageObject\",\"inLanguage\":\"de\",\"@id\":\"https:\\\/\\\/puffdragon.gr\\\/#\\\/schema\\\/logo\\\/image\\\/\",\"url\":\"https:\\\/\\\/puffdragon.gr\\\/wp-content\\\/uploads\\\/2021\\\/05\\\/logo-2.svg\",\"contentUrl\":\"https:\\\/\\\/puffdragon.gr\\\/wp-content\\\/uploads\\\/2021\\\/05\\\/logo-2.svg\",\"width\":136,\"height\":40,\"caption\":\"Puff Dragon\"},\"image\":{\"@id\":\"https:\\\/\\\/puffdragon.gr\\\/#\\\/schema\\\/logo\\\/image\\\/\"}}]}<\/script>\n<!-- \/ Yoast SEO plugin. -->","yoast_head_json":{"title":"\u038c\u03c1\u03bf\u03b9 & \u03c0\u03c1\u03bf\u03cb\u03c0\u03bf\u03b8\u03ad\u03c3\u03b5\u03b9\u03c2 - Puff Dragon","robots":{"index":"index","follow":"follow","max-snippet":"max-snippet:-1","max-image-preview":"max-image-preview:large","max-video-preview":"max-video-preview:-1"},"canonical":"https:\/\/puffdragon.gr\/de\/oroi-proypotheseis\/","og_locale":"de_DE","og_type":"article","og_title":"\u038c\u03c1\u03bf\u03b9 & \u03c0\u03c1\u03bf\u03cb\u03c0\u03bf\u03b8\u03ad\u03c3\u03b5\u03b9\u03c2 - Puff Dragon","og_description":"\u03a0\u03bd\u03b5\u03c5\u03bc\u03b1\u03c4\u03b9\u03ba\u03ae \u03b9\u03b4\u03b9\u03bf\u03ba\u03c4\u03b7\u03c3\u03af\u03b1 \u038c\u03bb\u03b1 \u03c4\u03b1 \u03b4\u03b9\u03ba\u03b1\u03b9\u03ce\u03bc\u03b1\u03c4\u03b1 \u03c0\u03bd\u03b5\u03c5\u03bc\u03b1\u03c4\u03b9\u03ba\u03ae\u03c2 \u03b9\u03b4\u03b9\u03bf\u03ba\u03c4\u03b7\u03c3\u03af\u03b1\u03c2 \u03c4\u03bf\u03c5 \u03c0\u03b1\u03c1\u03cc\u03bd\u03c4\u03bf\u03c2 \u03b9\u03c3\u03c4\u03bf\u03c4\u03cc\u03c0\u03bf\u03c5 \u03b1\u03bd\u03ae\u03ba\u03bf\u03c5\u03bd \u03c3\u03c4\u03b7\u03bd \u03b5\u03c4\u03b1\u03b9\u03c1\u03b5\u03af\u03b1 puffdragon.gr \u03ae \u03c3\u03b5 \u03c4\u03c1\u03af\u03c4\u03b1 \u03bc\u03ad\u03c1\u03b7 \u03c0\u03bf\u03c5 \u03bd\u03bf\u03bc\u03af\u03bc\u03c9\u03c2 \u03b1\u03c6\u03bf\u03c1\u03bf\u03cd\u03bd. \u0391\u03c0\u03bf\u03ba\u03c4\u03ce\u03bd\u03c4\u03b1\u03c2 \u03c0\u03c1\u03cc\u03c3\u03b2\u03b1\u03c3\u03b7 \u03c3\u03b5 \u03b1\u03c5\u03c4\u03cc\u03bd \u03c4\u03bf \u0394\u03b9\u03ba\u03c4\u03c5\u03b1\u03ba\u03cc \u03a4\u03cc\u03c0\u03bf \u03c3\u03c5\u03bc\u03c6\u03c9\u03bd\u03b5\u03af\u03c4\u03b5 \u03cc\u03c4\u03b9 \u03b1\u03c0\u03bf\u03b4\u03ad\u03c7\u03b5\u03c3\u03c4\u03b5 \u03c4\u03bf\u03c5\u03c2 \u03b1\u03bd\u03c9\u03c4\u03ad\u03c1\u03c9 \u03bd\u03cc\u03bc\u03bf\u03c5\u03c2 \u03c0\u03b5\u03c1\u03af \u03c0\u03bd\u03b5\u03c5\u03bc\u03b1\u03c4\u03b9\u03ba\u03ae\u03c2 \u03b9\u03b4\u03b9\u03bf\u03ba\u03c4\u03b7\u03c3\u03af\u03b1\u03c2. \u03a4\u03bf \u03bb\u03bf\u03b3\u03cc\u03c4\u03c5\u03c0\u03bf Tpuffdragon.gr \u03ba\u03b1\u03b8\u03ce\u03c2 \u03ba\u03b1\u03b9 \u03ba\u03ac\u03b8\u03b5 \u03ac\u03bb\u03bb\u03bf \u03bb\u03bf\u03b3\u03cc\u03c4\u03c5\u03c0\u03bf \u03b5\u03bd\u03c4\u03cc\u03c2 \u03c4\u03bf\u03c5 \u03b9\u03c3\u03c4\u03bf\u03c4\u03cc\u03c0\u03bf\u03c5 \u03b5\u03af\u03bd\u03b1\u03b9 \u03b9\u03b4\u03b9\u03bf\u03ba\u03c4\u03b7\u03c3\u03af\u03b1 \u03c4\u03b7\u03c2 \u03b5\u03c4\u03b1\u03b9\u03c1\u03b5\u03af\u03b1\u03c2 puffdragon.gr\u039f\u03b9 \u03bf\u03bd\u03bf\u03bc\u03b1\u03c3\u03af\u03b5\u03c2 \u03c0\u03c1\u03bf\u03ca\u03cc\u03bd\u03c4\u03c9\u03bd [&hellip;]","og_url":"https:\/\/puffdragon.gr\/de\/oroi-proypotheseis\/","og_site_name":"Puff Dragon","article_modified_time":"2024-12-22T14:41:43+00:00","og_image":[{"width":682,"height":536,"url":"https:\/\/puffdragon.gr\/wp-content\/uploads\/2024\/12\/Asset-5.png","type":"image\/png"}],"twitter_card":"summary_large_image","twitter_misc":{"Gesch\u00e4tzte Lesezeit":"2\u00a0Minuten"},"schema":{"@context":"https:\/\/schema.org","@graph":[{"@type":"WebPage","@id":"https:\/\/puffdragon.gr\/oroi-proypotheseis\/","url":"https:\/\/puffdragon.gr\/oroi-proypotheseis\/","name":"\u038c\u03c1\u03bf\u03b9 & \u03c0\u03c1\u03bf\u03cb\u03c0\u03bf\u03b8\u03ad\u03c3\u03b5\u03b9\u03c2 - Puff Dragon","isPartOf":{"@id":"https:\/\/puffdragon.gr\/#website"},"datePublished":"2020-09-27T15:07:34+00:00","dateModified":"2024-12-22T14:41:43+00:00","breadcrumb":{"@id":"https:\/\/puffdragon.gr\/oroi-proypotheseis\/#breadcrumb"},"inLanguage":"de","potentialAction":[{"@type":"ReadAction","target":["https:\/\/puffdragon.gr\/oroi-proypotheseis\/"]}]},{"@type":"BreadcrumbList","@id":"https:\/\/puffdragon.gr\/oroi-proypotheseis\/#breadcrumb","itemListElement":[{"@type":"ListItem","position":1,"name":"\u0391\u03c1\u03c7\u03b9\u03ba\u03ae","item":"https:\/\/puffdragon.gr\/"},{"@type":"ListItem","position":2,"name":"\u038c\u03c1\u03bf\u03b9 &#038; \u03c0\u03c1\u03bf\u03cb\u03c0\u03bf\u03b8\u03ad\u03c3\u03b5\u03b9\u03c2"}]},{"@type":"WebSite","@id":"https:\/\/puffdragon.gr\/#website","url":"https:\/\/puffdragon.gr\/","name":"Puff Dragon","description":"","publisher":{"@id":"https:\/\/puffdragon.gr\/#organization"},"potentialAction":[{"@type":"SearchAction","target":{"@type":"EntryPoint","urlTemplate":"https:\/\/puffdragon.gr\/?s={search_term_string}"},"query-input":{"@type":"PropertyValueSpecification","valueRequired":true,"valueName":"search_term_string"}}],"inLanguage":"de"},{"@type":"Organization","@id":"https:\/\/puffdragon.gr\/#organization","name":"Puff Dragon","url":"https:\/\/puffdragon.gr\/","logo":{"@type":"ImageObject","inLanguage":"de","@id":"https:\/\/puffdragon.gr\/#\/schema\/logo\/image\/","url":"https:\/\/puffdragon.gr\/wp-content\/uploads\/2021\/05\/logo-2.svg","contentUrl":"https:\/\/puffdragon.gr\/wp-content\/uploads\/2021\/05\/logo-2.svg","width":136,"height":40,"caption":"Puff Dragon"},"image":{"@id":"https:\/\/puffdragon.gr\/#\/schema\/logo\/image\/"}}]}},"_links":{"self":[{"href":"https:\/\/puffdragon.gr\/de\/wp-json\/wp\/v2\/pages\/2385","targetHints":{"allow":["GET"]}}],"collection":[{"href":"https:\/\/puffdragon.gr\/de\/wp-json\/wp\/v2\/pages"}],"about":[{"href":"https:\/\/puffdragon.gr\/de\/wp-json\/wp\/v2\/types\/page"}],"author":[{"embeddable":true,"href":"https:\/\/puffdragon.gr\/de\/wp-json\/wp\/v2\/users\/1"}],"replies":[{"embeddable":true,"href":"https:\/\/puffdragon.gr\/de\/wp-json\/wp\/v2\/comments?post=2385"}],"version-history":[{"count":16,"href":"https:\/\/puffdragon.gr\/de\/wp-json\/wp\/v2\/pages\/2385\/revisions"}],"predecessor-version":[{"id":9223,"href":"https:\/\/puffdragon.gr\/de\/wp-json\/wp\/v2\/pages\/2385\/revisions\/9223"}],"wp:attachment":[{"href":"https:\/\/puffdragon.gr\/de\/wp-json\/wp\/v2\/media?parent=2385"}],"curies":[{"name":"wp","href":"https:\/\/api.w.org\/{rel}","templated":true}]}}